{"id":1812,"date":"2025-11-14T11:13:45","date_gmt":"2025-11-14T15:13:45","guid":{"rendered":"https:\/\/staging.thrushine.ca\/teintage-commercial-et-residentiel\/"},"modified":"2025-11-17T15:33:45","modified_gmt":"2025-11-17T19:33:45","slug":"teintage-commercial-et-residentiel","status":"publish","type":"page","link":"https:\/\/thrushine.ca\/fr\/teintage-commercial-et-residentiel\/","title":{"rendered":"Teintage commercial et r\u00e9sidentiel"},"content":{"rendered":"\t\t<div data-elementor-type=\"wp-page\" data-elementor-id=\"1812\" class=\"elementor elementor-1812 elementor-1648\" data-elementor-post-type=\"page\">\n\t\t\t\t<div class=\"elementor-element elementor-element-ef4c099 e-flex e-con-boxed e-con e-parent\" data-id=\"ef4c099\" data-element_type=\"container\" data-e-type=\"container\" data-settings=\"{&quot;background_background&quot;:&quot;classic&quot;,&quot;_ob_use_container_extras&quot;:&quot;no&quot;,&quot;_ob_column_hoveranimator&quot;:&quot;no&quot;,&quot;_ob_glider_is_slider&quot;:&quot;no&quot;,&quot;_ob_column_has_pseudo&quot;:&quot;no&quot;}\">\n\t\t\t\t\t<div class=\"e-con-inner\">\n\t\t<div class=\"elementor-element elementor-element-f7ee156 e-con-full e-flex e-con e-child\" data-id=\"f7ee156\" data-element_type=\"container\" data-e-type=\"container\" data-settings=\"{&quot;background_background&quot;:&quot;classic&quot;,&quot;_ob_use_container_extras&quot;:&quot;no&quot;,&quot;_ob_column_hoveranimator&quot;:&quot;no&quot;,&quot;_ob_glider_is_slider&quot;:&quot;no&quot;,&quot;_ob_column_has_pseudo&quot;:&quot;no&quot;}\">\n\t\t\t\t<div class=\"elementor-element elementor-element-6bad9ae elementor-hidden-desktop elementor-hidden-tablet elementor-hidden-mobile ob-has-background-overlay elementor-widget elementor-widget-image\" data-id=\"6bad9ae\" data-element_type=\"widget\" data-e-type=\"widget\" data-settings=\"{&quot;_ob_photomorph_use&quot;:&quot;no&quot;,&quot;_ob_perspektive_use&quot;:&quot;no&quot;,&quot;_ob_poopart_use&quot;:&quot;yes&quot;,&quot;_ob_shadough_use&quot;:&quot;no&quot;,&quot;_ob_allow_hoveranimator&quot;:&quot;no&quot;,&quot;_ob_widget_stalker_use&quot;:&quot;no&quot;}\" data-widget_type=\"image.default\">\n\t\t\t\t\t\t\t\t\t\t\t\t\t\t\t<img fetchpriority=\"high\" decoding=\"async\" width=\"800\" height=\"534\" src=\"https:\/\/thrushine.ca\/wp-content\/uploads\/2025\/10\/partial-view-of-car-cleaner-washing-car-with-spong-2024-11-19-10-21-02-utc-1024x683.jpg\" class=\"attachment-large size-large wp-image-1738\" alt=\"\" srcset=\"https:\/\/thrushine.ca\/wp-content\/uploads\/2025\/10\/partial-view-of-car-cleaner-washing-car-with-spong-2024-11-19-10-21-02-utc-1024x683.jpg 1024w, https:\/\/thrushine.ca\/wp-content\/uploads\/2025\/10\/partial-view-of-car-cleaner-washing-car-with-spong-2024-11-19-10-21-02-utc-300x200.jpg 300w, https:\/\/thrushine.ca\/wp-content\/uploads\/2025\/10\/partial-view-of-car-cleaner-washing-car-with-spong-2024-11-19-10-21-02-utc-768x513.jpg 768w, https:\/\/thrushine.ca\/wp-content\/uploads\/2025\/10\/partial-view-of-car-cleaner-washing-car-with-spong-2024-11-19-10-21-02-utc-1536x1025.jpg 1536w, https:\/\/thrushine.ca\/wp-content\/uploads\/2025\/10\/partial-view-of-car-cleaner-washing-car-with-spong-2024-11-19-10-21-02-utc-2048x1367.jpg 2048w\" sizes=\"(max-width: 800px) 100vw, 800px\" \/>\t\t\t\t\t\t\t\t\t\t\t\t\t\t\t<\/div>\n\t\t\t\t<\/div>\n\t\t<div class=\"elementor-element elementor-element-be27ce4 e-con-full e-flex e-con e-child\" data-id=\"be27ce4\" data-element_type=\"container\" data-e-type=\"container\" data-settings=\"{&quot;_ob_use_container_extras&quot;:&quot;no&quot;,&quot;_ob_column_hoveranimator&quot;:&quot;no&quot;,&quot;_ob_glider_is_slider&quot;:&quot;no&quot;,&quot;_ob_column_has_pseudo&quot;:&quot;no&quot;}\">\n\t\t\t\t<div class=\"elementor-element elementor-element-dcb1101 ob-harakiri-inherit ob-has-background-overlay elementor-widget elementor-widget-heading\" data-id=\"dcb1101\" data-element_type=\"widget\" data-e-type=\"widget\" data-settings=\"{&quot;_ob_use_harakiri&quot;:&quot;yes&quot;,&quot;_ob_harakiri_writing_mode&quot;:&quot;inherit&quot;,&quot;_ob_harakiri_text_clip&quot;:&quot;none&quot;,&quot;_ob_perspektive_use&quot;:&quot;no&quot;,&quot;_ob_poopart_use&quot;:&quot;yes&quot;,&quot;_ob_shadough_use&quot;:&quot;no&quot;,&quot;_ob_allow_hoveranimator&quot;:&quot;no&quot;,&quot;_ob_widget_stalker_use&quot;:&quot;no&quot;}\" data-widget_type=\"heading.default\">\n\t\t\t\t\t<h2 class=\"elementor-heading-title elementor-size-default\">Teintage de fen\u00eatres commerciales et r\u00e9sidentielles<\/h2>\t\t\t\t<\/div>\n\t\t\t\t<div class=\"elementor-element elementor-element-7c8fa63 ob-harakiri-inherit ob-has-background-overlay elementor-widget elementor-widget-text-editor\" data-id=\"7c8fa63\" data-element_type=\"widget\" data-e-type=\"widget\" data-settings=\"{&quot;_ob_use_harakiri&quot;:&quot;yes&quot;,&quot;_ob_harakiri_writing_mode&quot;:&quot;inherit&quot;,&quot;_ob_postman_use&quot;:&quot;no&quot;,&quot;_ob_perspektive_use&quot;:&quot;no&quot;,&quot;_ob_poopart_use&quot;:&quot;yes&quot;,&quot;_ob_shadough_use&quot;:&quot;no&quot;,&quot;_ob_allow_hoveranimator&quot;:&quot;no&quot;,&quot;_ob_widget_stalker_use&quot;:&quot;no&quot;}\" data-widget_type=\"text-editor.default\">\n\t\t\t\t\t\t\t\t\t<p class=\"\">Thru-Shine peut r\u00e9pondre \u00e0 tous vos besoins en mati\u00e8re de teintage de maison, de v\u00e9hicule et de commerce gr\u00e2ce \u00e0 notre vaste gamme de films solaires, de s\u00e9curit\u00e9 et d\u00e9coratifs. Nous sommes particuli\u00e8rement sp\u00e9cialis\u00e9s dans le teintage de maisons et de bureaux. Notre vaste gamme de films solaires pour fen\u00eatres am\u00e9liore le confort tout au long de l&rsquo;ann\u00e9e et permet de r\u00e9aliser d&rsquo;importantes \u00e9conomies d&rsquo;\u00e9nergie.  <\/p><p class=\"\">Notre objectif est de vous aider \u00e0 \u00e9conomiser de l&rsquo;argent sur les co\u00fbts \u00e9nerg\u00e9tiques.<\/p>\t\t\t\t\t\t\t\t<\/div>\n\t\t\t\t<div class=\"elementor-element elementor-element-7700057 elementor-mobile-align-justify elementor-widget-mobile__width-inherit ob-has-background-overlay elementor-widget elementor-widget-button\" data-id=\"7700057\" data-element_type=\"widget\" data-e-type=\"widget\" data-settings=\"{&quot;_ob_butterbutton_use_it&quot;:&quot;no&quot;,&quot;_ob_perspektive_use&quot;:&quot;no&quot;,&quot;_ob_poopart_use&quot;:&quot;yes&quot;,&quot;_ob_shadough_use&quot;:&quot;no&quot;,&quot;_ob_allow_hoveranimator&quot;:&quot;no&quot;,&quot;_ob_widget_stalker_use&quot;:&quot;no&quot;}\" data-widget_type=\"button.default\">\n\t\t\t\t\t\t\t\t\t\t<a class=\"elementor-button elementor-button-link elementor-size-sm\" href=\"tel:15065488799\">\n\t\t\t\t\t\t<span class=\"elementor-button-content-wrapper\">\n\t\t\t\t\t\t<span class=\"elementor-button-icon\">\n\t\t\t\t<svg aria-hidden=\"true\" class=\"e-font-icon-svg e-fas-phone-alt\" viewBox=\"0 0 512 512\" xmlns=\"http:\/\/www.w3.org\/2000\/svg\"><path d=\"M497.39 361.8l-112-48a24 24 0 0 0-28 6.9l-49.6 60.6A370.66 370.66 0 0 1 130.6 204.11l60.6-49.6a23.94 23.94 0 0 0 6.9-28l-48-112A24.16 24.16 0 0 0 122.6.61l-104 24A24 24 0 0 0 0 48c0 256.5 207.9 464 464 464a24 24 0 0 0 23.4-18.6l24-104a24.29 24.29 0 0 0-14.01-27.6z\"><\/path><\/svg>\t\t\t<\/span>\n\t\t\t\t\t\t\t\t\t<span class=\"elementor-button-text\">Appelez pour un devis<\/span>\n\t\t\t\t\t<\/span>\n\t\t\t\t\t<\/a>\n\t\t\t\t\t\t\t\t<\/div>\n\t\t\t\t<\/div>\n\t\t\t\t\t<\/div>\n\t\t\t\t<\/div>\n\t\t<div class=\"elementor-element elementor-element-949366c e-con-full e-flex e-con e-parent\" data-id=\"949366c\" data-element_type=\"container\" data-e-type=\"container\" data-settings=\"{&quot;_ob_use_container_extras&quot;:&quot;no&quot;,&quot;_ob_column_hoveranimator&quot;:&quot;no&quot;,&quot;_ob_glider_is_slider&quot;:&quot;no&quot;,&quot;_ob_column_has_pseudo&quot;:&quot;no&quot;}\">\n\t\t\t\t<div class=\"elementor-element elementor-element-1db3402 ob-has-background-overlay elementor-widget elementor-widget-gallery\" data-id=\"1db3402\" data-element_type=\"widget\" data-e-type=\"widget\" data-settings=\"{&quot;lazyload&quot;:&quot;yes&quot;,&quot;gallery_layout&quot;:&quot;grid&quot;,&quot;columns&quot;:4,&quot;columns_tablet&quot;:2,&quot;columns_mobile&quot;:1,&quot;gap&quot;:{&quot;unit&quot;:&quot;px&quot;,&quot;size&quot;:10,&quot;sizes&quot;:[]},&quot;gap_tablet&quot;:{&quot;unit&quot;:&quot;px&quot;,&quot;size&quot;:10,&quot;sizes&quot;:[]},&quot;gap_mobile&quot;:{&quot;unit&quot;:&quot;px&quot;,&quot;size&quot;:10,&quot;sizes&quot;:[]},&quot;link_to&quot;:&quot;file&quot;,&quot;aspect_ratio&quot;:&quot;3:2&quot;,&quot;overlay_background&quot;:&quot;yes&quot;,&quot;content_hover_animation&quot;:&quot;fade-in&quot;,&quot;_ob_perspektive_use&quot;:&quot;no&quot;,&quot;_ob_poopart_use&quot;:&quot;yes&quot;,&quot;_ob_shadough_use&quot;:&quot;no&quot;,&quot;_ob_allow_hoveranimator&quot;:&quot;no&quot;,&quot;_ob_widget_stalker_use&quot;:&quot;no&quot;}\" data-widget_type=\"gallery.default\">\n\t\t\t\t\t\t\t<div class=\"elementor-gallery__container\">\n\t\t\t\t\t\t\t<a class=\"e-gallery-item elementor-gallery-item elementor-animated-content\" href=\"https:\/\/thrushine.ca\/wp-content\/uploads\/2025\/11\/web4-582x436-1.jpg\" data-elementor-open-lightbox=\"yes\" data-elementor-lightbox-slideshow=\"1db3402\" data-e-action-hash=\"#elementor-action%3Aaction%3Dlightbox%26settings%3DeyJpZCI6MTgwMCwidXJsIjoiaHR0cHM6XC9cL3RocnVzaGluZS5jYVwvd3AtY29udGVudFwvdXBsb2Fkc1wvMjAyNVwvMTFcL3dlYjQtNTgyeDQzNi0xLmpwZyIsInNsaWRlc2hvdyI6IjFkYjM0MDIifQ%3D%3D\">\n\t\t\t\t\t<div class=\"e-gallery-image elementor-gallery-item__image\" data-thumbnail=\"https:\/\/thrushine.ca\/wp-content\/uploads\/2025\/11\/web4-582x436-1.jpg\" data-width=\"582\" data-height=\"436\" aria-label=\"R\u00e9sidentiel&nbsp;: confort et \u00e9conomies d&#039;\u00e9nergie toute l&#039;ann\u00e9e, gardez votre maison plus chaude en hiver et plus fra\u00eeche en \u00e9t\u00e9, prot\u00e9gez votre mobilier des rayons UV nocifs et de la d\u00e9coloration, ajoutez de l&#039;intimit\u00e9, am\u00e9liorez la s\u00e9curit\u00e9, r\u00e9duisez l&#039;\u00e9blouissement ind\u00e9sirable.\" role=\"img\" ><\/div>\n\t\t\t\t\t\t\t\t\t\t\t<div class=\"elementor-gallery-item__overlay\"><\/div>\n\t\t\t\t\t\t\t\t\t\t\t\t\t\t<\/a>\n\t\t\t\t\t\t\t<a class=\"e-gallery-item elementor-gallery-item elementor-animated-content\" href=\"https:\/\/thrushine.ca\/wp-content\/uploads\/2025\/11\/web3-1232x924-1.jpg\" data-elementor-open-lightbox=\"yes\" data-elementor-lightbox-slideshow=\"1db3402\" data-e-action-hash=\"#elementor-action%3Aaction%3Dlightbox%26settings%3DeyJpZCI6MTgwMiwidXJsIjoiaHR0cHM6XC9cL3RocnVzaGluZS5jYVwvd3AtY29udGVudFwvdXBsb2Fkc1wvMjAyNVwvMTFcL3dlYjMtMTIzMng5MjQtMS5qcGciLCJzbGlkZXNob3ciOiIxZGIzNDAyIn0%3D\">\n\t\t\t\t\t<div class=\"e-gallery-image elementor-gallery-item__image\" data-thumbnail=\"https:\/\/thrushine.ca\/wp-content\/uploads\/2025\/11\/web3-1232x924-1-768x576.jpg\" data-width=\"768\" data-height=\"576\" aria-label=\"Commercial&nbsp;: \u00c9conomisez sur les co\u00fbts de chauffage et de climatisation, protection contre les rayons UV, \u00e9conomies d&#039;\u00e9nergie, s\u00e9curit\u00e9, protection et rentabilit\u00e9.\" role=\"img\" ><\/div>\n\t\t\t\t\t\t\t\t\t\t\t<div class=\"elementor-gallery-item__overlay\"><\/div>\n\t\t\t\t\t\t\t\t\t\t\t\t\t\t<\/a>\n\t\t\t\t\t\t\t<a class=\"e-gallery-item elementor-gallery-item elementor-animated-content\" href=\"https:\/\/thrushine.ca\/wp-content\/uploads\/2025\/11\/attach0010-2-1173x1563-1.jpeg\" data-elementor-open-lightbox=\"yes\" data-elementor-lightbox-slideshow=\"1db3402\" data-e-action-hash=\"#elementor-action%3Aaction%3Dlightbox%26settings%3DeyJpZCI6MTgwMywidXJsIjoiaHR0cHM6XC9cL3RocnVzaGluZS5jYVwvd3AtY29udGVudFwvdXBsb2Fkc1wvMjAyNVwvMTFcL2F0dGFjaDAwMTAtMi0xMTczeDE1NjMtMS5qcGVnIiwic2xpZGVzaG93IjoiMWRiMzQwMiJ9\">\n\t\t\t\t\t<div class=\"e-gallery-image elementor-gallery-item__image\" data-thumbnail=\"https:\/\/thrushine.ca\/wp-content\/uploads\/2025\/11\/attach0010-2-1173x1563-1-768x603.jpeg\" data-width=\"768\" data-height=\"603\" aria-label=\"R\u00e9sidentiel&nbsp;: confort et \u00e9conomies d&#039;\u00e9nergie toute l&#039;ann\u00e9e, gardez votre maison plus chaude en hiver et plus fra\u00eeche en \u00e9t\u00e9, prot\u00e9gez votre mobilier des rayons UV nocifs et de la d\u00e9coloration, ajoutez de l&#039;intimit\u00e9, am\u00e9liorez la s\u00e9curit\u00e9, r\u00e9duisez l&#039;\u00e9blouissement ind\u00e9sirable.\" role=\"img\" ><\/div>\n\t\t\t\t\t\t\t\t\t\t\t<div class=\"elementor-gallery-item__overlay\"><\/div>\n\t\t\t\t\t\t\t\t\t\t\t\t\t\t<\/a>\n\t\t\t\t\t\t\t<a class=\"e-gallery-item elementor-gallery-item elementor-animated-content\" href=\"https:\/\/thrushine.ca\/wp-content\/uploads\/2025\/11\/attach0009-1edited-1173x1563-1.jpeg\" data-elementor-open-lightbox=\"yes\" data-elementor-lightbox-slideshow=\"1db3402\" data-e-action-hash=\"#elementor-action%3Aaction%3Dlightbox%26settings%3DeyJpZCI6MTgwNCwidXJsIjoiaHR0cHM6XC9cL3RocnVzaGluZS5jYVwvd3AtY29udGVudFwvdXBsb2Fkc1wvMjAyNVwvMTFcL2F0dGFjaDAwMDktMWVkaXRlZC0xMTczeDE1NjMtMS5qcGVnIiwic2xpZGVzaG93IjoiMWRiMzQwMiJ9\">\n\t\t\t\t\t<div class=\"e-gallery-image elementor-gallery-item__image\" data-thumbnail=\"https:\/\/thrushine.ca\/wp-content\/uploads\/2025\/11\/attach0009-1edited-1173x1563-1-768x576.jpeg\" data-width=\"768\" data-height=\"576\" aria-label=\"R\u00e9sidentiel&nbsp;: confort et \u00e9conomies d&#039;\u00e9nergie toute l&#039;ann\u00e9e, gardez votre maison plus chaude en hiver et plus fra\u00eeche en \u00e9t\u00e9, prot\u00e9gez votre mobilier des rayons UV nocifs et de la d\u00e9coloration, ajoutez de l&#039;intimit\u00e9, am\u00e9liorez la s\u00e9curit\u00e9, r\u00e9duisez l&#039;\u00e9blouissement ind\u00e9sirable.\" role=\"img\" ><\/div>\n\t\t\t\t\t\t\t\t\t\t\t<div class=\"elementor-gallery-item__overlay\"><\/div>\n\t\t\t\t\t\t\t\t\t\t\t\t\t\t<\/a>\n\t\t\t\t\t\t\t<a class=\"e-gallery-item elementor-gallery-item elementor-animated-content\" href=\"https:\/\/thrushine.ca\/wp-content\/uploads\/2025\/11\/attach0008-1-1173x1563-1.jpeg\" data-elementor-open-lightbox=\"yes\" data-elementor-lightbox-slideshow=\"1db3402\" data-e-action-hash=\"#elementor-action%3Aaction%3Dlightbox%26settings%3DeyJpZCI6MTgwNSwidXJsIjoiaHR0cHM6XC9cL3RocnVzaGluZS5jYVwvd3AtY29udGVudFwvdXBsb2Fkc1wvMjAyNVwvMTFcL2F0dGFjaDAwMDgtMS0xMTczeDE1NjMtMS5qcGVnIiwic2xpZGVzaG93IjoiMWRiMzQwMiJ9\">\n\t\t\t\t\t<div class=\"e-gallery-image elementor-gallery-item__image\" data-thumbnail=\"https:\/\/thrushine.ca\/wp-content\/uploads\/2025\/11\/attach0008-1-1173x1563-1-768x599.jpeg\" data-width=\"768\" data-height=\"599\" aria-label=\"R\u00e9sidentiel&nbsp;: confort et \u00e9conomies d&#039;\u00e9nergie toute l&#039;ann\u00e9e, gardez votre maison plus chaude en hiver et plus fra\u00eeche en \u00e9t\u00e9, prot\u00e9gez votre mobilier des rayons UV nocifs et de la d\u00e9coloration, ajoutez de l&#039;intimit\u00e9, am\u00e9liorez la s\u00e9curit\u00e9, r\u00e9duisez l&#039;\u00e9blouissement ind\u00e9sirable.\" role=\"img\" ><\/div>\n\t\t\t\t\t\t\t\t\t\t\t<div class=\"elementor-gallery-item__overlay\"><\/div>\n\t\t\t\t\t\t\t\t\t\t\t\t\t\t<\/a>\n\t\t\t\t\t\t\t<a class=\"e-gallery-item elementor-gallery-item elementor-animated-content\" href=\"https:\/\/thrushine.ca\/wp-content\/uploads\/2025\/11\/attach0005-edited-1173x1563-1.jpeg\" data-elementor-open-lightbox=\"yes\" data-elementor-lightbox-slideshow=\"1db3402\" data-e-action-hash=\"#elementor-action%3Aaction%3Dlightbox%26settings%3DeyJpZCI6MTgwNiwidXJsIjoiaHR0cHM6XC9cL3RocnVzaGluZS5jYVwvd3AtY29udGVudFwvdXBsb2Fkc1wvMjAyNVwvMTFcL2F0dGFjaDAwMDUtZWRpdGVkLTExNzN4MTU2My0xLmpwZWciLCJzbGlkZXNob3ciOiIxZGIzNDAyIn0%3D\">\n\t\t\t\t\t<div class=\"e-gallery-image elementor-gallery-item__image\" data-thumbnail=\"https:\/\/thrushine.ca\/wp-content\/uploads\/2025\/11\/attach0005-edited-1173x1563-1-768x597.jpeg\" data-width=\"768\" data-height=\"597\" aria-label=\"R\u00e9sidentiel&nbsp;: confort et \u00e9conomies d&#039;\u00e9nergie toute l&#039;ann\u00e9e, gardez votre maison plus chaude en hiver et plus fra\u00eeche en \u00e9t\u00e9, prot\u00e9gez votre mobilier des rayons UV nocifs et de la d\u00e9coloration, ajoutez de l&#039;intimit\u00e9, am\u00e9liorez la s\u00e9curit\u00e9, r\u00e9duisez l&#039;\u00e9blouissement ind\u00e9sirable.\" role=\"img\" ><\/div>\n\t\t\t\t\t\t\t\t\t\t\t<div class=\"elementor-gallery-item__overlay\"><\/div>\n\t\t\t\t\t\t\t\t\t\t\t\t\t\t<\/a>\n\t\t\t\t\t\t\t<a class=\"e-gallery-item elementor-gallery-item elementor-animated-content\" href=\"https:\/\/thrushine.ca\/wp-content\/uploads\/2025\/11\/attach0004-7-965x1920-1.jpeg\" data-elementor-open-lightbox=\"yes\" data-elementor-lightbox-slideshow=\"1db3402\" data-e-action-hash=\"#elementor-action%3Aaction%3Dlightbox%26settings%3DeyJpZCI6MTgwNywidXJsIjoiaHR0cHM6XC9cL3RocnVzaGluZS5jYVwvd3AtY29udGVudFwvdXBsb2Fkc1wvMjAyNVwvMTFcL2F0dGFjaDAwMDQtNy05NjV4MTkyMC0xLmpwZWciLCJzbGlkZXNob3ciOiIxZGIzNDAyIn0%3D\">\n\t\t\t\t\t<div class=\"e-gallery-image elementor-gallery-item__image\" data-thumbnail=\"https:\/\/thrushine.ca\/wp-content\/uploads\/2025\/11\/attach0004-7-965x1920-1-768x598.jpeg\" data-width=\"768\" data-height=\"598\" aria-label=\"R\u00e9sidentiel&nbsp;: confort et \u00e9conomies d&#039;\u00e9nergie toute l&#039;ann\u00e9e, gardez votre maison plus chaude en hiver et plus fra\u00eeche en \u00e9t\u00e9, prot\u00e9gez votre mobilier des rayons UV nocifs et de la d\u00e9coloration, ajoutez de l&#039;intimit\u00e9, am\u00e9liorez la s\u00e9curit\u00e9, r\u00e9duisez l&#039;\u00e9blouissement ind\u00e9sirable.\" role=\"img\" ><\/div>\n\t\t\t\t\t\t\t\t\t\t\t<div class=\"elementor-gallery-item__overlay\"><\/div>\n\t\t\t\t\t\t\t\t\t\t\t\t\t\t<\/a>\n\t\t\t\t\t\t\t<a class=\"e-gallery-item elementor-gallery-item elementor-animated-content\" href=\"https:\/\/thrushine.ca\/wp-content\/uploads\/2025\/11\/attach0003-1368x1026-1.jpg\" data-elementor-open-lightbox=\"yes\" data-elementor-lightbox-slideshow=\"1db3402\" data-e-action-hash=\"#elementor-action%3Aaction%3Dlightbox%26settings%3DeyJpZCI6MTgwOCwidXJsIjoiaHR0cHM6XC9cL3RocnVzaGluZS5jYVwvd3AtY29udGVudFwvdXBsb2Fkc1wvMjAyNVwvMTFcL2F0dGFjaDAwMDMtMTM2OHgxMDI2LTEuanBnIiwic2xpZGVzaG93IjoiMWRiMzQwMiJ9\">\n\t\t\t\t\t<div class=\"e-gallery-image elementor-gallery-item__image\" data-thumbnail=\"https:\/\/thrushine.ca\/wp-content\/uploads\/2025\/11\/attach0003-1368x1026-1-768x576.jpg\" data-width=\"768\" data-height=\"576\" aria-label=\"R\u00e9sidentiel&nbsp;: confort et \u00e9conomies d&#039;\u00e9nergie toute l&#039;ann\u00e9e, gardez votre maison plus chaude en hiver et plus fra\u00eeche en \u00e9t\u00e9, prot\u00e9gez votre mobilier des rayons UV nocifs et de la d\u00e9coloration, ajoutez de l&#039;intimit\u00e9, am\u00e9liorez la s\u00e9curit\u00e9, r\u00e9duisez l&#039;\u00e9blouissement ind\u00e9sirable.\" role=\"img\" ><\/div>\n\t\t\t\t\t\t\t\t\t\t\t<div class=\"elementor-gallery-item__overlay\"><\/div>\n\t\t\t\t\t\t\t\t\t\t\t\t\t\t<\/a>\n\t\t\t\t\t\t\t<a class=\"e-gallery-item elementor-gallery-item elementor-animated-content\" href=\"https:\/\/thrushine.ca\/wp-content\/uploads\/2025\/11\/attach0002-1368x1026-1.jpg\" data-elementor-open-lightbox=\"yes\" data-elementor-lightbox-slideshow=\"1db3402\" data-e-action-hash=\"#elementor-action%3Aaction%3Dlightbox%26settings%3DeyJpZCI6MTgwOSwidXJsIjoiaHR0cHM6XC9cL3RocnVzaGluZS5jYVwvd3AtY29udGVudFwvdXBsb2Fkc1wvMjAyNVwvMTFcL2F0dGFjaDAwMDItMTM2OHgxMDI2LTEuanBnIiwic2xpZGVzaG93IjoiMWRiMzQwMiJ9\">\n\t\t\t\t\t<div class=\"e-gallery-image elementor-gallery-item__image\" data-thumbnail=\"https:\/\/thrushine.ca\/wp-content\/uploads\/2025\/11\/attach0002-1368x1026-1-768x576.jpg\" data-width=\"768\" data-height=\"576\" aria-label=\"R\u00e9sidentiel&nbsp;: confort et \u00e9conomies d&#039;\u00e9nergie toute l&#039;ann\u00e9e, gardez votre maison plus chaude en hiver et plus fra\u00eeche en \u00e9t\u00e9, prot\u00e9gez votre mobilier des rayons UV nocifs et de la d\u00e9coloration, ajoutez de l&#039;intimit\u00e9, am\u00e9liorez la s\u00e9curit\u00e9, r\u00e9duisez l&#039;\u00e9blouissement ind\u00e9sirable.\" role=\"img\" ><\/div>\n\t\t\t\t\t\t\t\t\t\t\t<div class=\"elementor-gallery-item__overlay\"><\/div>\n\t\t\t\t\t\t\t\t\t\t\t\t\t\t<\/a>\n\t\t\t\t\t\t\t<a class=\"e-gallery-item elementor-gallery-item elementor-animated-content\" href=\"https:\/\/thrushine.ca\/wp-content\/uploads\/2025\/11\/attach0-2-741x577-1.jpeg\" data-elementor-open-lightbox=\"yes\" data-elementor-lightbox-slideshow=\"1db3402\" data-e-action-hash=\"#elementor-action%3Aaction%3Dlightbox%26settings%3DeyJpZCI6MTgxMCwidXJsIjoiaHR0cHM6XC9cL3RocnVzaGluZS5jYVwvd3AtY29udGVudFwvdXBsb2Fkc1wvMjAyNVwvMTFcL2F0dGFjaDAtMi03NDF4NTc3LTEuanBlZyIsInNsaWRlc2hvdyI6IjFkYjM0MDIifQ%3D%3D\">\n\t\t\t\t\t<div class=\"e-gallery-image elementor-gallery-item__image\" data-thumbnail=\"https:\/\/thrushine.ca\/wp-content\/uploads\/2025\/11\/attach0-2-741x577-1.jpeg\" data-width=\"735\" data-height=\"551\" aria-label=\"R\u00e9sidentiel : confort et \u00e9conomies d&#039;\u00e9nergie toute l&#039;ann\u00e9e, gardez votre maison plus chaude en hiver et plus fra\u00eeche en \u00e9t\u00e9, prot\u00e9gez votre mobilier des rayons UV nocifs et de la d\u00e9coloration, ajoutez de l&#039;intimit\u00e9, am\u00e9liorez la s\u00e9curit\u00e9, r\u00e9duisez l&#039;\u00e9blouissement ind\u00e9sirable.\" role=\"img\" ><\/div>\n\t\t\t\t\t\t\t\t\t\t\t<div class=\"elementor-gallery-item__overlay\"><\/div>\n\t\t\t\t\t\t\t\t\t\t\t\t\t\t<\/a>\n\t\t\t\t\t\t\t<a class=\"e-gallery-item elementor-gallery-item elementor-animated-content\" href=\"https:\/\/thrushine.ca\/wp-content\/uploads\/2025\/11\/20200208-155925-004-2000x1500-1.jpeg\" data-elementor-open-lightbox=\"yes\" data-elementor-lightbox-slideshow=\"1db3402\" data-e-action-hash=\"#elementor-action%3Aaction%3Dlightbox%26settings%3DeyJpZCI6MTgxMSwidXJsIjoiaHR0cHM6XC9cL3RocnVzaGluZS5jYVwvd3AtY29udGVudFwvdXBsb2Fkc1wvMjAyNVwvMTFcLzIwMjAwMjA4LTE1NTkyNS0wMDQtMjAwMHgxNTAwLTEuanBlZyIsInNsaWRlc2hvdyI6IjFkYjM0MDIifQ%3D%3D\">\n\t\t\t\t\t<div class=\"e-gallery-image elementor-gallery-item__image\" data-thumbnail=\"https:\/\/thrushine.ca\/wp-content\/uploads\/2025\/11\/20200208-155925-004-2000x1500-1-768x560.jpeg\" data-width=\"768\" data-height=\"560\" aria-label=\"Commercial&nbsp;: \u00c9conomisez sur les co\u00fbts de chauffage et de climatisation, protection contre les rayons UV, \u00e9conomies d&#039;\u00e9nergie, s\u00e9curit\u00e9, protection et rentabilit\u00e9.\" role=\"img\" ><\/div>\n\t\t\t\t\t\t\t\t\t\t\t<div class=\"elementor-gallery-item__overlay\"><\/div>\n\t\t\t\t\t\t\t\t\t\t\t\t\t\t<\/a>\n\t\t\t\t\t\t\t<a class=\"e-gallery-item elementor-gallery-item elementor-animated-content\" href=\"https:\/\/thrushine.ca\/wp-content\/uploads\/2025\/11\/20200204-142101-3-002-2000x1469-1.jpg\" data-elementor-open-lightbox=\"yes\" data-elementor-lightbox-slideshow=\"1db3402\" data-e-action-hash=\"#elementor-action%3Aaction%3Dlightbox%26settings%3DeyJpZCI6MTgwMSwidXJsIjoiaHR0cHM6XC9cL3RocnVzaGluZS5jYVwvd3AtY29udGVudFwvdXBsb2Fkc1wvMjAyNVwvMTFcLzIwMjAwMjA0LTE0MjEwMS0zLTAwMi0yMDAweDE0NjktMS5qcGciLCJzbGlkZXNob3ciOiIxZGIzNDAyIn0%3D\">\n\t\t\t\t\t<div class=\"e-gallery-image elementor-gallery-item__image\" data-thumbnail=\"https:\/\/thrushine.ca\/wp-content\/uploads\/2025\/11\/20200204-142101-3-002-2000x1469-1-768x564.jpg\" data-width=\"768\" data-height=\"564\" aria-label=\"Commercial&nbsp;: \u00c9conomisez sur les co\u00fbts de chauffage et de climatisation, protection contre les rayons UV, \u00e9conomies d&#039;\u00e9nergie, s\u00e9curit\u00e9, protection et rentabilit\u00e9.\" role=\"img\" ><\/div>\n\t\t\t\t\t\t\t\t\t\t\t<div class=\"elementor-gallery-item__overlay\"><\/div>\n\t\t\t\t\t\t\t\t\t\t\t\t\t\t<\/a>\n\t\t\t\t\t<\/div>\n\t\t\t\t\t<\/div>\n\t\t\t\t<\/div>\n\t\t\t\t<\/div>\n\t\t","protected":false},"excerpt":{"rendered":"<p>Thru-Shine peut r\u00e9pondre \u00e0 tous vos besoins en mati\u00e8re de teintage de maison, de v\u00e9hicule et de commerce gr\u00e2ce \u00e0 notre vaste gamme de films solaires, de s\u00e9curit\u00e9 et d\u00e9coratifs. Nous sommes particuli\u00e8rement sp\u00e9cialis\u00e9s dans le teintage de maisons et de bureaux. Notre vaste gamme de films solaires pour fen\u00eatres am\u00e9liore le confort tout au long de l&rsquo;ann\u00e9e et permet de r\u00e9aliser d&rsquo;importantes \u00e9conomies d&rsquo;\u00e9nergie.  <\/p>\n","protected":false},"author":1,"featured_media":1801,"parent":0,"menu_order":0,"comment_status":"closed","ping_status":"closed","template":"","meta":{"footnotes":""},"class_list":["post-1812","page","type-page","status-publish","has-post-thumbnail","hentry"],"_links":{"self":[{"href":"https:\/\/thrushine.ca\/fr\/wp-json\/wp\/v2\/pages\/1812","targetHints":{"allow":["GET"]}}],"collection":[{"href":"https:\/\/thrushine.ca\/fr\/wp-json\/wp\/v2\/pages"}],"about":[{"href":"https:\/\/thrushine.ca\/fr\/wp-json\/wp\/v2\/types\/page"}],"author":[{"embeddable":true,"href":"https:\/\/thrushine.ca\/fr\/wp-json\/wp\/v2\/users\/1"}],"replies":[{"embeddable":true,"href":"https:\/\/thrushine.ca\/fr\/wp-json\/wp\/v2\/comments?post=1812"}],"version-history":[{"count":0,"href":"https:\/\/thrushine.ca\/fr\/wp-json\/wp\/v2\/pages\/1812\/revisions"}],"wp:featuredmedia":[{"embeddable":true,"href":"https:\/\/thrushine.ca\/fr\/wp-json\/wp\/v2\/media\/1801"}],"wp:attachment":[{"href":"https:\/\/thrushine.ca\/fr\/wp-json\/wp\/v2\/media?parent=1812"}],"curies":[{"name":"wp","href":"https:\/\/api.w.org\/{rel}","templated":true}]}}