{"id":1853,"date":"2025-11-13T15:38:10","date_gmt":"2025-11-13T19:38:10","guid":{"rendered":"https:\/\/staging.thrushine.ca\/eclairage-led\/"},"modified":"2025-11-17T11:47:32","modified_gmt":"2025-11-17T15:47:32","slug":"eclairage-led","status":"publish","type":"page","link":"https:\/\/thrushine.ca\/fr\/eclairage-led\/","title":{"rendered":"\u00c9clairage LED"},"content":{"rendered":"\t\t<div data-elementor-type=\"wp-page\" data-elementor-id=\"1853\" class=\"elementor elementor-1853 elementor-1287\" data-elementor-post-type=\"page\">\n\t\t\t\t<div class=\"elementor-element elementor-element-5791f4f e-flex e-con-boxed e-con e-parent\" data-id=\"5791f4f\" data-element_type=\"container\" data-e-type=\"container\" data-settings=\"{&quot;background_background&quot;:&quot;classic&quot;,&quot;_ob_use_container_extras&quot;:&quot;no&quot;,&quot;_ob_column_hoveranimator&quot;:&quot;no&quot;,&quot;_ob_glider_is_slider&quot;:&quot;no&quot;,&quot;_ob_column_has_pseudo&quot;:&quot;no&quot;}\">\n\t\t\t\t\t<div class=\"e-con-inner\">\n\t\t<div class=\"elementor-element elementor-element-3ae5d92 e-con-full e-flex e-con e-child\" data-id=\"3ae5d92\" data-element_type=\"container\" data-e-type=\"container\" data-settings=\"{&quot;background_background&quot;:&quot;classic&quot;,&quot;_ob_use_container_extras&quot;:&quot;no&quot;,&quot;_ob_column_hoveranimator&quot;:&quot;no&quot;,&quot;_ob_glider_is_slider&quot;:&quot;no&quot;,&quot;_ob_column_has_pseudo&quot;:&quot;no&quot;}\">\n\t\t\t\t<div class=\"elementor-element elementor-element-c4309d5 elementor-hidden-desktop elementor-hidden-tablet elementor-hidden-mobile ob-has-background-overlay elementor-widget elementor-widget-image\" data-id=\"c4309d5\" data-element_type=\"widget\" data-e-type=\"widget\" data-settings=\"{&quot;_ob_photomorph_use&quot;:&quot;no&quot;,&quot;_ob_perspektive_use&quot;:&quot;no&quot;,&quot;_ob_poopart_use&quot;:&quot;yes&quot;,&quot;_ob_shadough_use&quot;:&quot;no&quot;,&quot;_ob_allow_hoveranimator&quot;:&quot;no&quot;,&quot;_ob_widget_stalker_use&quot;:&quot;no&quot;}\" data-widget_type=\"image.default\">\n\t\t\t\t\t\t\t\t\t\t\t\t\t\t\t<img fetchpriority=\"high\" decoding=\"async\" width=\"800\" height=\"534\" src=\"https:\/\/thrushine.ca\/wp-content\/uploads\/2025\/10\/partial-view-of-car-cleaner-washing-car-with-spong-2024-11-19-10-21-02-utc-1024x683.jpg\" class=\"attachment-large size-large wp-image-1738\" alt=\"\" srcset=\"https:\/\/thrushine.ca\/wp-content\/uploads\/2025\/10\/partial-view-of-car-cleaner-washing-car-with-spong-2024-11-19-10-21-02-utc-1024x683.jpg 1024w, https:\/\/thrushine.ca\/wp-content\/uploads\/2025\/10\/partial-view-of-car-cleaner-washing-car-with-spong-2024-11-19-10-21-02-utc-300x200.jpg 300w, https:\/\/thrushine.ca\/wp-content\/uploads\/2025\/10\/partial-view-of-car-cleaner-washing-car-with-spong-2024-11-19-10-21-02-utc-768x513.jpg 768w, https:\/\/thrushine.ca\/wp-content\/uploads\/2025\/10\/partial-view-of-car-cleaner-washing-car-with-spong-2024-11-19-10-21-02-utc-1536x1025.jpg 1536w, https:\/\/thrushine.ca\/wp-content\/uploads\/2025\/10\/partial-view-of-car-cleaner-washing-car-with-spong-2024-11-19-10-21-02-utc-2048x1367.jpg 2048w\" sizes=\"(max-width: 800px) 100vw, 800px\" \/>\t\t\t\t\t\t\t\t\t\t\t\t\t\t\t<\/div>\n\t\t\t\t<\/div>\n\t\t<div class=\"elementor-element elementor-element-dc75824 e-con-full e-flex e-con e-child\" data-id=\"dc75824\" data-element_type=\"container\" data-e-type=\"container\" data-settings=\"{&quot;_ob_use_container_extras&quot;:&quot;no&quot;,&quot;_ob_column_hoveranimator&quot;:&quot;no&quot;,&quot;_ob_glider_is_slider&quot;:&quot;no&quot;,&quot;_ob_column_has_pseudo&quot;:&quot;no&quot;}\">\n\t\t\t\t<div class=\"elementor-element elementor-element-5ffe5c8 ob-harakiri-inherit ob-has-background-overlay elementor-widget elementor-widget-heading\" data-id=\"5ffe5c8\" data-element_type=\"widget\" data-e-type=\"widget\" data-settings=\"{&quot;_ob_use_harakiri&quot;:&quot;yes&quot;,&quot;_ob_harakiri_writing_mode&quot;:&quot;inherit&quot;,&quot;_ob_harakiri_text_clip&quot;:&quot;none&quot;,&quot;_ob_perspektive_use&quot;:&quot;no&quot;,&quot;_ob_poopart_use&quot;:&quot;yes&quot;,&quot;_ob_shadough_use&quot;:&quot;no&quot;,&quot;_ob_allow_hoveranimator&quot;:&quot;no&quot;,&quot;_ob_widget_stalker_use&quot;:&quot;no&quot;}\" data-widget_type=\"heading.default\">\n\t\t\t\t\t<h2 class=\"elementor-heading-title elementor-size-default\">\u00c9CLAIRAGE LED<\/h2>\t\t\t\t<\/div>\n\t\t\t\t<div class=\"elementor-element elementor-element-b29c246 ob-harakiri-inherit ob-has-background-overlay elementor-widget elementor-widget-text-editor\" data-id=\"b29c246\" data-element_type=\"widget\" data-e-type=\"widget\" data-settings=\"{&quot;_ob_use_harakiri&quot;:&quot;yes&quot;,&quot;_ob_harakiri_writing_mode&quot;:&quot;inherit&quot;,&quot;_ob_postman_use&quot;:&quot;no&quot;,&quot;_ob_perspektive_use&quot;:&quot;no&quot;,&quot;_ob_poopart_use&quot;:&quot;yes&quot;,&quot;_ob_shadough_use&quot;:&quot;no&quot;,&quot;_ob_allow_hoveranimator&quot;:&quot;no&quot;,&quot;_ob_widget_stalker_use&quot;:&quot;no&quot;}\" data-widget_type=\"text-editor.default\">\n\t\t\t\t\t\t\t\t\t<p>Il est prouv\u00e9 que l&rsquo;ajout d&rsquo;\u00e9clairages LED \u00e0 votre v\u00e9hicule augmente votre visibilit\u00e9. C&rsquo;est pourquoi ThruShine s&rsquo;est associ\u00e9 \u00e0 SWE LED Lights. Ils sont un fier distributeur d&rsquo;\u00e9clairages LED de haute qualit\u00e9. Le service client est leur priorit\u00e9 absolue, ne vous laissant jamais dans l&rsquo;obscurit\u00e9. Avec un excellent service client et des prix avantageux, nous sommes ravis de les avoir comme fournisseur d&rsquo;\u00e9clairage.    <br><br>Renseignez-vous \u00e9galement sur notre large gamme de barres lumineuses LED de qualit\u00e9. <\/p><p><a href=\"tel:15065488799\">Appelez-nous<\/a> d\u00e8s aujourd&rsquo;hui pour plus de d\u00e9tails sur l&rsquo;\u00e9clairage LED !<\/p>\t\t\t\t\t\t\t\t<\/div>\n\t\t\t\t<div class=\"elementor-element elementor-element-f786623 ob-has-background-overlay elementor-widget elementor-widget-button\" data-id=\"f786623\" data-element_type=\"widget\" data-e-type=\"widget\" data-settings=\"{&quot;_ob_butterbutton_use_it&quot;:&quot;no&quot;,&quot;_ob_perspektive_use&quot;:&quot;no&quot;,&quot;_ob_poopart_use&quot;:&quot;yes&quot;,&quot;_ob_shadough_use&quot;:&quot;no&quot;,&quot;_ob_allow_hoveranimator&quot;:&quot;no&quot;,&quot;_ob_widget_stalker_use&quot;:&quot;no&quot;}\" data-widget_type=\"button.default\">\n\t\t\t\t\t\t\t\t\t\t<a class=\"elementor-button elementor-button-link elementor-size-sm\" href=\"tel:15065488799\">\n\t\t\t\t\t\t<span class=\"elementor-button-content-wrapper\">\n\t\t\t\t\t\t<span class=\"elementor-button-icon\">\n\t\t\t\t<svg aria-hidden=\"true\" class=\"e-font-icon-svg e-fas-phone-alt\" viewBox=\"0 0 512 512\" xmlns=\"http:\/\/www.w3.org\/2000\/svg\"><path d=\"M497.39 361.8l-112-48a24 24 0 0 0-28 6.9l-49.6 60.6A370.66 370.66 0 0 1 130.6 204.11l60.6-49.6a23.94 23.94 0 0 0 6.9-28l-48-112A24.16 24.16 0 0 0 122.6.61l-104 24A24 24 0 0 0 0 48c0 256.5 207.9 464 464 464a24 24 0 0 0 23.4-18.6l24-104a24.29 24.29 0 0 0-14.01-27.6z\"><\/path><\/svg>\t\t\t<\/span>\n\t\t\t\t\t\t\t\t\t<span class=\"elementor-button-text\">Appelez-nous<\/span>\n\t\t\t\t\t<\/span>\n\t\t\t\t\t<\/a>\n\t\t\t\t\t\t\t\t<\/div>\n\t\t\t\t<\/div>\n\t\t\t\t\t<\/div>\n\t\t\t\t<\/div>\n\t\t<div class=\"elementor-element elementor-element-a5d17cf e-con-full e-flex e-con e-parent\" data-id=\"a5d17cf\" data-element_type=\"container\" data-e-type=\"container\" data-settings=\"{&quot;_ob_use_container_extras&quot;:&quot;no&quot;,&quot;_ob_column_hoveranimator&quot;:&quot;no&quot;,&quot;_ob_glider_is_slider&quot;:&quot;no&quot;,&quot;_ob_column_has_pseudo&quot;:&quot;no&quot;}\">\n\t\t\t\t<div class=\"elementor-element elementor-element-325a8fa ob-has-background-overlay elementor-widget elementor-widget-gallery\" data-id=\"325a8fa\" data-element_type=\"widget\" data-e-type=\"widget\" data-settings=\"{&quot;columns&quot;:3,&quot;lazyload&quot;:&quot;yes&quot;,&quot;gallery_layout&quot;:&quot;grid&quot;,&quot;columns_tablet&quot;:2,&quot;columns_mobile&quot;:1,&quot;gap&quot;:{&quot;unit&quot;:&quot;px&quot;,&quot;size&quot;:10,&quot;sizes&quot;:[]},&quot;gap_tablet&quot;:{&quot;unit&quot;:&quot;px&quot;,&quot;size&quot;:10,&quot;sizes&quot;:[]},&quot;gap_mobile&quot;:{&quot;unit&quot;:&quot;px&quot;,&quot;size&quot;:10,&quot;sizes&quot;:[]},&quot;link_to&quot;:&quot;file&quot;,&quot;aspect_ratio&quot;:&quot;3:2&quot;,&quot;overlay_background&quot;:&quot;yes&quot;,&quot;content_hover_animation&quot;:&quot;fade-in&quot;,&quot;_ob_perspektive_use&quot;:&quot;no&quot;,&quot;_ob_poopart_use&quot;:&quot;yes&quot;,&quot;_ob_shadough_use&quot;:&quot;no&quot;,&quot;_ob_allow_hoveranimator&quot;:&quot;no&quot;,&quot;_ob_widget_stalker_use&quot;:&quot;no&quot;}\" data-widget_type=\"gallery.default\">\n\t\t\t\t\t\t\t<div class=\"elementor-gallery__container\">\n\t\t\t\t\t\t\t<a class=\"e-gallery-item elementor-gallery-item elementor-animated-content\" href=\"https:\/\/thrushine.ca\/wp-content\/uploads\/2025\/11\/20190920-085106-002-2000x1429-1.jpg\" data-elementor-open-lightbox=\"yes\" data-elementor-lightbox-slideshow=\"325a8fa\" data-e-action-hash=\"#elementor-action%3Aaction%3Dlightbox%26settings%3DeyJpZCI6MTg0NSwidXJsIjoiaHR0cHM6XC9cL3RocnVzaGluZS5jYVwvd3AtY29udGVudFwvdXBsb2Fkc1wvMjAyNVwvMTFcLzIwMTkwOTIwLTA4NTEwNi0wMDItMjAwMHgxNDI5LTEuanBnIiwic2xpZGVzaG93IjoiMzI1YThmYSJ9\">\n\t\t\t\t\t<div class=\"e-gallery-image elementor-gallery-item__image\" data-thumbnail=\"https:\/\/thrushine.ca\/wp-content\/uploads\/2025\/11\/20190920-085106-002-2000x1429-1-768x549.jpg\" data-width=\"768\" data-height=\"549\" aria-label=\"Les routes \u00e9troites et sinueuses des arri\u00e8re-pays ne sont pas un endroit o\u00f9 avoir une visibilit\u00e9 limit\u00e9e. Une fois de plus, nous nous sommes associ\u00e9s \u00e0 SWE LED Lighting pour notre gamme de LED tout-terrain. Ils proposent l&#039;un des meilleurs produits du march\u00e9 actuel pour vous guider sur tous les terrains la nuit. Ces \u00e9clairages sont \u00e9galement recommand\u00e9s pendant la journ\u00e9e pour que les autres puissent vous voir plus t\u00f4t. Appelez-nous d\u00e8s aujourd&#039;hui pour un devis !    \" role=\"img\" ><\/div>\n\t\t\t\t\t\t\t\t\t\t\t<div class=\"elementor-gallery-item__overlay\"><\/div>\n\t\t\t\t\t\t\t\t\t\t\t\t\t\t<\/a>\n\t\t\t\t\t\t\t<a class=\"e-gallery-item elementor-gallery-item elementor-animated-content\" href=\"https:\/\/thrushine.ca\/wp-content\/uploads\/2025\/11\/20191203-103030-002-1838x2573-1.jpeg\" data-elementor-open-lightbox=\"yes\" data-elementor-lightbox-slideshow=\"325a8fa\" data-e-action-hash=\"#elementor-action%3Aaction%3Dlightbox%26settings%3DeyJpZCI6MTg0NiwidXJsIjoiaHR0cHM6XC9cL3RocnVzaGluZS5jYVwvd3AtY29udGVudFwvdXBsb2Fkc1wvMjAyNVwvMTFcLzIwMTkxMjAzLTEwMzAzMC0wMDItMTgzOHgyNTczLTEuanBlZyIsInNsaWRlc2hvdyI6IjMyNWE4ZmEifQ%3D%3D\">\n\t\t\t\t\t<div class=\"e-gallery-image elementor-gallery-item__image\" data-thumbnail=\"https:\/\/thrushine.ca\/wp-content\/uploads\/2025\/11\/20191203-103030-002-1838x2573-1-768x549.jpeg\" data-width=\"768\" data-height=\"549\" aria-label=\"\" role=\"img\" ><\/div>\n\t\t\t\t\t\t\t\t\t\t\t<div class=\"elementor-gallery-item__overlay\"><\/div>\n\t\t\t\t\t\t\t\t\t\t\t\t\t\t<\/a>\n\t\t\t\t\t\t\t<a class=\"e-gallery-item elementor-gallery-item elementor-animated-content\" href=\"https:\/\/thrushine.ca\/wp-content\/uploads\/2025\/11\/20200103-144616-2000x2801-1.jpeg\" data-elementor-open-lightbox=\"yes\" data-elementor-lightbox-slideshow=\"325a8fa\" data-e-action-hash=\"#elementor-action%3Aaction%3Dlightbox%26settings%3DeyJpZCI6MTg0NywidXJsIjoiaHR0cHM6XC9cL3RocnVzaGluZS5jYVwvd3AtY29udGVudFwvdXBsb2Fkc1wvMjAyNVwvMTFcLzIwMjAwMTAzLTE0NDYxNi0yMDAweDI4MDEtMS5qcGVnIiwic2xpZGVzaG93IjoiMzI1YThmYSJ9\">\n\t\t\t\t\t<div class=\"e-gallery-image elementor-gallery-item__image\" data-thumbnail=\"https:\/\/thrushine.ca\/wp-content\/uploads\/2025\/11\/20200103-144616-2000x2801-1-768x549.jpeg\" data-width=\"768\" data-height=\"549\" aria-label=\"\" role=\"img\" ><\/div>\n\t\t\t\t\t\t\t\t\t\t\t<div class=\"elementor-gallery-item__overlay\"><\/div>\n\t\t\t\t\t\t\t\t\t\t\t\t\t\t<\/a>\n\t\t\t\t\t\t\t<a class=\"e-gallery-item elementor-gallery-item elementor-animated-content\" href=\"https:\/\/thrushine.ca\/wp-content\/uploads\/2025\/11\/20200127-105402-002-2000x1429-1.jpg\" data-elementor-open-lightbox=\"yes\" data-elementor-lightbox-slideshow=\"325a8fa\" data-e-action-hash=\"#elementor-action%3Aaction%3Dlightbox%26settings%3DeyJpZCI6MTg0OCwidXJsIjoiaHR0cHM6XC9cL3RocnVzaGluZS5jYVwvd3AtY29udGVudFwvdXBsb2Fkc1wvMjAyNVwvMTFcLzIwMjAwMTI3LTEwNTQwMi0wMDItMjAwMHgxNDI5LTEuanBnIiwic2xpZGVzaG93IjoiMzI1YThmYSJ9\">\n\t\t\t\t\t<div class=\"e-gallery-image elementor-gallery-item__image\" data-thumbnail=\"https:\/\/thrushine.ca\/wp-content\/uploads\/2025\/11\/20200127-105402-002-2000x1429-1-768x549.jpg\" data-width=\"768\" data-height=\"549\" aria-label=\"\" role=\"img\" ><\/div>\n\t\t\t\t\t\t\t\t\t\t\t<div class=\"elementor-gallery-item__overlay\"><\/div>\n\t\t\t\t\t\t\t\t\t\t\t\t\t\t<\/a>\n\t\t\t\t\t\t\t<a class=\"e-gallery-item elementor-gallery-item elementor-animated-content\" href=\"https:\/\/thrushine.ca\/wp-content\/uploads\/2025\/11\/20210212-163536-2-2000x1352-1.jpeg\" data-elementor-open-lightbox=\"yes\" data-elementor-lightbox-slideshow=\"325a8fa\" data-e-action-hash=\"#elementor-action%3Aaction%3Dlightbox%26settings%3DeyJpZCI6MTg0OSwidXJsIjoiaHR0cHM6XC9cL3RocnVzaGluZS5jYVwvd3AtY29udGVudFwvdXBsb2Fkc1wvMjAyNVwvMTFcLzIwMjEwMjEyLTE2MzUzNi0yLTIwMDB4MTM1Mi0xLmpwZWciLCJzbGlkZXNob3ciOiIzMjVhOGZhIn0%3D\">\n\t\t\t\t\t<div class=\"e-gallery-image elementor-gallery-item__image\" data-thumbnail=\"https:\/\/thrushine.ca\/wp-content\/uploads\/2025\/11\/20210212-163536-2-2000x1352-1-768x549.jpeg\" data-width=\"768\" data-height=\"549\" aria-label=\"\" role=\"img\" ><\/div>\n\t\t\t\t\t\t\t\t\t\t\t<div class=\"elementor-gallery-item__overlay\"><\/div>\n\t\t\t\t\t\t\t\t\t\t\t\t\t\t<\/a>\n\t\t\t\t\t\t\t<a class=\"e-gallery-item elementor-gallery-item elementor-animated-content\" href=\"https:\/\/thrushine.ca\/wp-content\/uploads\/2025\/11\/21246557-1886253344959989-320864838375819501-o-1610x1150-1.jpg\" data-elementor-open-lightbox=\"yes\" data-elementor-lightbox-slideshow=\"325a8fa\" data-e-action-hash=\"#elementor-action%3Aaction%3Dlightbox%26settings%3DeyJpZCI6MTg1MCwidXJsIjoiaHR0cHM6XC9cL3RocnVzaGluZS5jYVwvd3AtY29udGVudFwvdXBsb2Fkc1wvMjAyNVwvMTFcLzIxMjQ2NTU3LTE4ODYyNTMzNDQ5NTk5ODktMzIwODY0ODM4Mzc1ODE5NTAxLW8tMTYxMHgxMTUwLTEuanBnIiwic2xpZGVzaG93IjoiMzI1YThmYSJ9\">\n\t\t\t\t\t<div class=\"e-gallery-image elementor-gallery-item__image\" data-thumbnail=\"https:\/\/thrushine.ca\/wp-content\/uploads\/2025\/11\/21246557-1886253344959989-320864838375819501-o-1610x1150-1-768x549.jpg\" data-width=\"768\" data-height=\"549\" aria-label=\"\" role=\"img\" ><\/div>\n\t\t\t\t\t\t\t\t\t\t\t<div class=\"elementor-gallery-item__overlay\"><\/div>\n\t\t\t\t\t\t\t\t\t\t\t\t\t\t<\/a>\n\t\t\t\t\t\t\t<a class=\"e-gallery-item elementor-gallery-item elementor-animated-content\" href=\"https:\/\/thrushine.ca\/wp-content\/uploads\/2025\/11\/21248220-1886253681626622-6719173374869788435-o-1610x1150-1.jpg\" data-elementor-open-lightbox=\"yes\" data-elementor-lightbox-slideshow=\"325a8fa\" data-e-action-hash=\"#elementor-action%3Aaction%3Dlightbox%26settings%3DeyJpZCI6MTg1MSwidXJsIjoiaHR0cHM6XC9cL3RocnVzaGluZS5jYVwvd3AtY29udGVudFwvdXBsb2Fkc1wvMjAyNVwvMTFcLzIxMjQ4MjIwLTE4ODYyNTM2ODE2MjY2MjItNjcxOTE3MzM3NDg2OTc4ODQzNS1vLTE2MTB4MTE1MC0xLmpwZyIsInNsaWRlc2hvdyI6IjMyNWE4ZmEifQ%3D%3D\">\n\t\t\t\t\t<div class=\"e-gallery-image elementor-gallery-item__image\" data-thumbnail=\"https:\/\/thrushine.ca\/wp-content\/uploads\/2025\/11\/21248220-1886253681626622-6719173374869788435-o-1610x1150-1-768x549.jpg\" data-width=\"768\" data-height=\"549\" aria-label=\"\" role=\"img\" ><\/div>\n\t\t\t\t\t\t\t\t\t\t\t<div class=\"elementor-gallery-item__overlay\"><\/div>\n\t\t\t\t\t\t\t\t\t\t\t\t\t\t<\/a>\n\t\t\t\t\t\t\t<a class=\"e-gallery-item elementor-gallery-item elementor-animated-content\" href=\"https:\/\/thrushine.ca\/wp-content\/uploads\/2025\/11\/21366723-1886253264959997-1491553611301564186-o-1150x822-1.jpg\" data-elementor-open-lightbox=\"yes\" data-elementor-lightbox-slideshow=\"325a8fa\" data-e-action-hash=\"#elementor-action%3Aaction%3Dlightbox%26settings%3DeyJpZCI6MTg1MiwidXJsIjoiaHR0cHM6XC9cL3RocnVzaGluZS5jYVwvd3AtY29udGVudFwvdXBsb2Fkc1wvMjAyNVwvMTFcLzIxMzY2NzIzLTE4ODYyNTMyNjQ5NTk5OTctMTQ5MTU1MzYxMTMwMTU2NDE4Ni1vLTExNTB4ODIyLTEuanBnIiwic2xpZGVzaG93IjoiMzI1YThmYSJ9\">\n\t\t\t\t\t<div class=\"e-gallery-image elementor-gallery-item__image\" data-thumbnail=\"https:\/\/thrushine.ca\/wp-content\/uploads\/2025\/11\/21366723-1886253264959997-1491553611301564186-o-1150x822-1-768x549.jpg\" data-width=\"768\" data-height=\"549\" aria-label=\"\" role=\"img\" ><\/div>\n\t\t\t\t\t\t\t\t\t\t\t<div class=\"elementor-gallery-item__overlay\"><\/div>\n\t\t\t\t\t\t\t\t\t\t\t\t\t\t<\/a>\n\t\t\t\t\t<\/div>\n\t\t\t\t\t<\/div>\n\t\t\t\t<\/div>\n\t\t\t\t<\/div>\n\t\t","protected":false},"excerpt":{"rendered":"<p>Il est prouv\u00e9 que l&rsquo;ajout d&rsquo;\u00e9clairages LED \u00e0 votre v\u00e9hicule augmente votre visibilit\u00e9. C&rsquo;est pourquoi ThruShine s&rsquo;est associ\u00e9 \u00e0 SWE LED Lights. Ils sont un fier distributeur d&rsquo;\u00e9clairages LED de haute qualit\u00e9. Le service client est leur priorit\u00e9 absolue, ne vous laissant jamais dans l&rsquo;obscurit\u00e9. Avec un excellent service client et des prix avantageux, nous sommes ravis de les avoir comme fournisseur d&rsquo;\u00e9clairage.    <\/p>\n<p>Renseignez-vous \u00e9galement sur notre large gamme de barres lumineuses LED de qualit\u00e9. <\/p>\n","protected":false},"author":1,"featured_media":1844,"parent":0,"menu_order":0,"comment_status":"closed","ping_status":"closed","template":"","meta":{"footnotes":""},"class_list":["post-1853","page","type-page","status-publish","has-post-thumbnail","hentry"],"_links":{"self":[{"href":"https:\/\/thrushine.ca\/fr\/wp-json\/wp\/v2\/pages\/1853","targetHints":{"allow":["GET"]}}],"collection":[{"href":"https:\/\/thrushine.ca\/fr\/wp-json\/wp\/v2\/pages"}],"about":[{"href":"https:\/\/thrushine.ca\/fr\/wp-json\/wp\/v2\/types\/page"}],"author":[{"embeddable":true,"href":"https:\/\/thrushine.ca\/fr\/wp-json\/wp\/v2\/users\/1"}],"replies":[{"embeddable":true,"href":"https:\/\/thrushine.ca\/fr\/wp-json\/wp\/v2\/comments?post=1853"}],"version-history":[{"count":0,"href":"https:\/\/thrushine.ca\/fr\/wp-json\/wp\/v2\/pages\/1853\/revisions"}],"wp:featuredmedia":[{"embeddable":true,"href":"https:\/\/thrushine.ca\/fr\/wp-json\/wp\/v2\/media\/1844"}],"wp:attachment":[{"href":"https:\/\/thrushine.ca\/fr\/wp-json\/wp\/v2\/media?parent=1853"}],"curies":[{"name":"wp","href":"https:\/\/api.w.org\/{rel}","templated":true}]}}