{"id":1888,"date":"2025-11-13T16:45:32","date_gmt":"2025-11-13T20:45:32","guid":{"rendered":"https:\/\/staging.thrushine.ca\/demarreurs-a-distance\/"},"modified":"2025-11-17T11:49:43","modified_gmt":"2025-11-17T15:49:43","slug":"demarreurs-a-distance","status":"publish","type":"page","link":"https:\/\/thrushine.ca\/fr\/demarreurs-a-distance\/","title":{"rendered":"D\u00e9marreurs \u00e0 distance"},"content":{"rendered":"\t\t<div data-elementor-type=\"wp-page\" data-elementor-id=\"1888\" class=\"elementor elementor-1888 elementor-1379\" data-elementor-post-type=\"page\">\n\t\t\t\t<div class=\"elementor-element elementor-element-823812e e-flex e-con-boxed e-con e-parent\" data-id=\"823812e\" data-element_type=\"container\" data-e-type=\"container\" data-settings=\"{&quot;background_background&quot;:&quot;classic&quot;,&quot;_ob_use_container_extras&quot;:&quot;no&quot;,&quot;_ob_column_hoveranimator&quot;:&quot;no&quot;,&quot;_ob_glider_is_slider&quot;:&quot;no&quot;,&quot;_ob_column_has_pseudo&quot;:&quot;no&quot;}\">\n\t\t\t\t\t<div class=\"e-con-inner\">\n\t\t<div class=\"elementor-element elementor-element-ac4e491 e-con-full e-flex e-con e-child\" data-id=\"ac4e491\" data-element_type=\"container\" data-e-type=\"container\" data-settings=\"{&quot;background_background&quot;:&quot;video&quot;,&quot;background_video_link&quot;:&quot;https:\\\/\\\/thrushine.ca\\\/wp-content\\\/uploads\\\/2025\\\/11\\\/thrushine-best-remote-starter-car-truck-suv-near-bathurst.mp4&quot;,&quot;background_play_on_mobile&quot;:&quot;yes&quot;,&quot;background_privacy_mode&quot;:&quot;yes&quot;,&quot;_ob_use_container_extras&quot;:&quot;no&quot;,&quot;_ob_column_hoveranimator&quot;:&quot;no&quot;,&quot;_ob_glider_is_slider&quot;:&quot;no&quot;,&quot;_ob_column_has_pseudo&quot;:&quot;no&quot;}\">\n\t\t<div class=\"elementor-background-video-container\">\n\t\t\t\t\t\t\t<video class=\"elementor-background-video-hosted\" role=\"presentation\" autoplay muted playsinline loop><\/video>\n\t\t\t\t\t<\/div>\t\t<div class=\"elementor-element elementor-element-243f001 elementor-hidden-desktop elementor-hidden-tablet elementor-hidden-mobile ob-has-background-overlay elementor-widget elementor-widget-image\" data-id=\"243f001\" data-element_type=\"widget\" data-e-type=\"widget\" data-settings=\"{&quot;_ob_photomorph_use&quot;:&quot;no&quot;,&quot;_ob_perspektive_use&quot;:&quot;no&quot;,&quot;_ob_poopart_use&quot;:&quot;yes&quot;,&quot;_ob_shadough_use&quot;:&quot;no&quot;,&quot;_ob_allow_hoveranimator&quot;:&quot;no&quot;,&quot;_ob_widget_stalker_use&quot;:&quot;no&quot;}\" data-widget_type=\"image.default\">\n\t\t\t\t\t\t\t\t\t\t\t\t\t\t\t<img fetchpriority=\"high\" decoding=\"async\" width=\"800\" height=\"534\" src=\"https:\/\/thrushine.ca\/wp-content\/uploads\/2025\/10\/partial-view-of-car-cleaner-washing-car-with-spong-2024-11-19-10-21-02-utc-1024x683.jpg\" class=\"attachment-large size-large wp-image-1738\" alt=\"\" srcset=\"https:\/\/thrushine.ca\/wp-content\/uploads\/2025\/10\/partial-view-of-car-cleaner-washing-car-with-spong-2024-11-19-10-21-02-utc-1024x683.jpg 1024w, https:\/\/thrushine.ca\/wp-content\/uploads\/2025\/10\/partial-view-of-car-cleaner-washing-car-with-spong-2024-11-19-10-21-02-utc-300x200.jpg 300w, https:\/\/thrushine.ca\/wp-content\/uploads\/2025\/10\/partial-view-of-car-cleaner-washing-car-with-spong-2024-11-19-10-21-02-utc-768x513.jpg 768w, https:\/\/thrushine.ca\/wp-content\/uploads\/2025\/10\/partial-view-of-car-cleaner-washing-car-with-spong-2024-11-19-10-21-02-utc-1536x1025.jpg 1536w, https:\/\/thrushine.ca\/wp-content\/uploads\/2025\/10\/partial-view-of-car-cleaner-washing-car-with-spong-2024-11-19-10-21-02-utc-2048x1367.jpg 2048w\" sizes=\"(max-width: 800px) 100vw, 800px\" \/>\t\t\t\t\t\t\t\t\t\t\t\t\t\t\t<\/div>\n\t\t\t\t<\/div>\n\t\t<div class=\"elementor-element elementor-element-0860c50 e-con-full e-flex e-con e-child\" data-id=\"0860c50\" data-element_type=\"container\" data-e-type=\"container\" data-settings=\"{&quot;_ob_use_container_extras&quot;:&quot;no&quot;,&quot;_ob_column_hoveranimator&quot;:&quot;no&quot;,&quot;_ob_glider_is_slider&quot;:&quot;no&quot;,&quot;_ob_column_has_pseudo&quot;:&quot;no&quot;}\">\n\t\t\t\t<div class=\"elementor-element elementor-element-a931410 ob-harakiri-inherit ob-has-background-overlay elementor-widget elementor-widget-heading\" data-id=\"a931410\" data-element_type=\"widget\" data-e-type=\"widget\" data-settings=\"{&quot;_ob_use_harakiri&quot;:&quot;yes&quot;,&quot;_ob_harakiri_writing_mode&quot;:&quot;inherit&quot;,&quot;_ob_harakiri_text_clip&quot;:&quot;none&quot;,&quot;_ob_perspektive_use&quot;:&quot;no&quot;,&quot;_ob_poopart_use&quot;:&quot;yes&quot;,&quot;_ob_shadough_use&quot;:&quot;no&quot;,&quot;_ob_allow_hoveranimator&quot;:&quot;no&quot;,&quot;_ob_widget_stalker_use&quot;:&quot;no&quot;}\" data-widget_type=\"heading.default\">\n\t\t\t\t\t<h2 class=\"elementor-heading-title elementor-size-default\">D\u00c9MARREUR \u00c0 DISTANCE<\/h2>\t\t\t\t<\/div>\n\t\t\t\t<div class=\"elementor-element elementor-element-fac684b ob-harakiri-inherit ob-has-background-overlay elementor-widget elementor-widget-text-editor\" data-id=\"fac684b\" data-element_type=\"widget\" data-e-type=\"widget\" data-settings=\"{&quot;_ob_use_harakiri&quot;:&quot;yes&quot;,&quot;_ob_harakiri_writing_mode&quot;:&quot;inherit&quot;,&quot;_ob_postman_use&quot;:&quot;no&quot;,&quot;_ob_perspektive_use&quot;:&quot;no&quot;,&quot;_ob_poopart_use&quot;:&quot;yes&quot;,&quot;_ob_shadough_use&quot;:&quot;no&quot;,&quot;_ob_allow_hoveranimator&quot;:&quot;no&quot;,&quot;_ob_widget_stalker_use&quot;:&quot;no&quot;}\" data-widget_type=\"text-editor.default\">\n\t\t\t\t\t\t\t\t\t<p>Chez ThruShine Auto Detailing Inc., nous sommes toujours \u00e0 la pointe de la technologie automobile pour vous offrir les meilleurs produits et services. Nous sommes ravis d&rsquo;annoncer le lancement de notre derni\u00e8re offre : les d\u00e9marreurs \u00e0 distance Compustar Pro.  Pr\u00e9parez-vous \u00e0 vivre un nouveau niveau de confort, de commodit\u00e9 et de contr\u00f4le avec ces d\u00e9marreurs \u00e0 distance de pointe.<\/p><p><a href=\"tel:15065488799\">Appelez-nous<\/a> d\u00e8s aujourd&rsquo;hui pour obtenir les meilleures offres sur les d\u00e9marreurs \u00e0 distance !<\/p>\t\t\t\t\t\t\t\t<\/div>\n\t\t\t\t<div class=\"elementor-element elementor-element-3429e0c elementor-mobile-align-justify elementor-widget-mobile__width-inherit ob-has-background-overlay elementor-widget elementor-widget-button\" data-id=\"3429e0c\" data-element_type=\"widget\" data-e-type=\"widget\" data-settings=\"{&quot;_ob_butterbutton_use_it&quot;:&quot;no&quot;,&quot;_ob_perspektive_use&quot;:&quot;no&quot;,&quot;_ob_poopart_use&quot;:&quot;yes&quot;,&quot;_ob_shadough_use&quot;:&quot;no&quot;,&quot;_ob_allow_hoveranimator&quot;:&quot;no&quot;,&quot;_ob_widget_stalker_use&quot;:&quot;no&quot;}\" data-widget_type=\"button.default\">\n\t\t\t\t\t\t\t\t\t\t<a class=\"elementor-button elementor-button-link elementor-size-sm\" href=\"tel:15065488799\">\n\t\t\t\t\t\t<span class=\"elementor-button-content-wrapper\">\n\t\t\t\t\t\t<span class=\"elementor-button-icon\">\n\t\t\t\t<svg aria-hidden=\"true\" class=\"e-font-icon-svg e-fas-phone-alt\" viewBox=\"0 0 512 512\" xmlns=\"http:\/\/www.w3.org\/2000\/svg\"><path d=\"M497.39 361.8l-112-48a24 24 0 0 0-28 6.9l-49.6 60.6A370.66 370.66 0 0 1 130.6 204.11l60.6-49.6a23.94 23.94 0 0 0 6.9-28l-48-112A24.16 24.16 0 0 0 122.6.61l-104 24A24 24 0 0 0 0 48c0 256.5 207.9 464 464 464a24 24 0 0 0 23.4-18.6l24-104a24.29 24.29 0 0 0-14.01-27.6z\"><\/path><\/svg>\t\t\t<\/span>\n\t\t\t\t\t\t\t\t\t<span class=\"elementor-button-text\">Appelez-nous<\/span>\n\t\t\t\t\t<\/span>\n\t\t\t\t\t<\/a>\n\t\t\t\t\t\t\t\t<\/div>\n\t\t\t\t<\/div>\n\t\t\t\t\t<\/div>\n\t\t\t\t<\/div>\n\t\t<div class=\"elementor-element elementor-element-aa65f36 e-flex e-con-boxed e-con e-parent\" data-id=\"aa65f36\" data-element_type=\"container\" data-e-type=\"container\" data-settings=\"{&quot;background_background&quot;:&quot;classic&quot;,&quot;_ob_use_container_extras&quot;:&quot;no&quot;,&quot;_ob_column_hoveranimator&quot;:&quot;no&quot;,&quot;_ob_glider_is_slider&quot;:&quot;no&quot;,&quot;_ob_column_has_pseudo&quot;:&quot;no&quot;}\">\n\t\t\t\t\t<div class=\"e-con-inner\">\n\t\t\t\t<div class=\"elementor-element elementor-element-b675d02 ob-has-background-overlay elementor-widget elementor-widget-image\" data-id=\"b675d02\" data-element_type=\"widget\" data-e-type=\"widget\" data-settings=\"{&quot;_ob_photomorph_use&quot;:&quot;no&quot;,&quot;_ob_perspektive_use&quot;:&quot;no&quot;,&quot;_ob_poopart_use&quot;:&quot;yes&quot;,&quot;_ob_shadough_use&quot;:&quot;no&quot;,&quot;_ob_allow_hoveranimator&quot;:&quot;no&quot;,&quot;_ob_widget_stalker_use&quot;:&quot;no&quot;}\" data-widget_type=\"image.default\">\n\t\t\t\t\t\t\t\t\t\t\t\t\t\t\t<img decoding=\"async\" width=\"1400\" height=\"700\" src=\"https:\/\/thrushine.ca\/wp-content\/uploads\/2025\/11\/thrushine-sept-2023-enedited-1400x700-1.jpg\" class=\"attachment-full size-full wp-image-1887\" alt=\"Chez ThruShine Auto Detailing Inc., nous sommes toujours \u00e0 la pointe de la technologie automobile pour vous offrir les meilleurs produits et services. Nous sommes ravis d&#039;annoncer le lancement de notre derni\u00e8re offre : les d\u00e9marreurs \u00e0 distance Compustar Pro.  Pr\u00e9parez-vous \u00e0 vivre un nouveau niveau de confort, de commodit\u00e9 et de contr\u00f4le avec ces d\u00e9marreurs \u00e0 distance de pointe.\" srcset=\"https:\/\/thrushine.ca\/wp-content\/uploads\/2025\/11\/thrushine-sept-2023-enedited-1400x700-1.jpg 1400w, https:\/\/thrushine.ca\/wp-content\/uploads\/2025\/11\/thrushine-sept-2023-enedited-1400x700-1-300x150.jpg 300w, https:\/\/thrushine.ca\/wp-content\/uploads\/2025\/11\/thrushine-sept-2023-enedited-1400x700-1-1024x512.jpg 1024w, https:\/\/thrushine.ca\/wp-content\/uploads\/2025\/11\/thrushine-sept-2023-enedited-1400x700-1-768x384.jpg 768w\" sizes=\"(max-width: 1400px) 100vw, 1400px\" \/>\t\t\t\t\t\t\t\t\t\t\t\t\t\t\t<\/div>\n\t\t\t\t\t<\/div>\n\t\t\t\t<\/div>\n\t\t\t\t<\/div>\n\t\t","protected":false},"excerpt":{"rendered":"<p>Chez ThruShine Auto Detailing Inc., nous sommes toujours \u00e0 la pointe de la technologie automobile pour vous offrir les meilleurs produits et services. Nous sommes ravis d&rsquo;annoncer le lancement de notre derni\u00e8re offre : les d\u00e9marreurs \u00e0 distance Compustar Pro.  Pr\u00e9parez-vous \u00e0 vivre un nouveau niveau de confort, de commodit\u00e9 et de contr\u00f4le avec ces d\u00e9marreurs \u00e0 distance de pointe.<\/p>\n","protected":false},"author":1,"featured_media":1887,"parent":0,"menu_order":0,"comment_status":"closed","ping_status":"closed","template":"","meta":{"footnotes":""},"class_list":["post-1888","page","type-page","status-publish","has-post-thumbnail","hentry"],"_links":{"self":[{"href":"https:\/\/thrushine.ca\/fr\/wp-json\/wp\/v2\/pages\/1888","targetHints":{"allow":["GET"]}}],"collection":[{"href":"https:\/\/thrushine.ca\/fr\/wp-json\/wp\/v2\/pages"}],"about":[{"href":"https:\/\/thrushine.ca\/fr\/wp-json\/wp\/v2\/types\/page"}],"author":[{"embeddable":true,"href":"https:\/\/thrushine.ca\/fr\/wp-json\/wp\/v2\/users\/1"}],"replies":[{"embeddable":true,"href":"https:\/\/thrushine.ca\/fr\/wp-json\/wp\/v2\/comments?post=1888"}],"version-history":[{"count":0,"href":"https:\/\/thrushine.ca\/fr\/wp-json\/wp\/v2\/pages\/1888\/revisions"}],"wp:featuredmedia":[{"embeddable":true,"href":"https:\/\/thrushine.ca\/fr\/wp-json\/wp\/v2\/media\/1887"}],"wp:attachment":[{"href":"https:\/\/thrushine.ca\/fr\/wp-json\/wp\/v2\/media?parent=1888"}],"curies":[{"name":"wp","href":"https:\/\/api.w.org\/{rel}","templated":true}]}}