{"id":1901,"date":"2025-11-13T16:55:33","date_gmt":"2025-11-13T20:55:33","guid":{"rendered":"https:\/\/staging.thrushine.ca\/marchepieds\/"},"modified":"2025-11-17T11:51:12","modified_gmt":"2025-11-17T15:51:12","slug":"marchepieds","status":"publish","type":"page","link":"https:\/\/thrushine.ca\/fr\/marchepieds\/","title":{"rendered":"Marchepieds"},"content":{"rendered":"\t\t<div data-elementor-type=\"wp-page\" data-elementor-id=\"1901\" class=\"elementor elementor-1901 elementor-1400\" data-elementor-post-type=\"page\">\n\t\t\t\t<div class=\"elementor-element elementor-element-238766e e-flex e-con-boxed e-con e-parent\" data-id=\"238766e\" data-element_type=\"container\" data-e-type=\"container\" data-settings=\"{&quot;background_background&quot;:&quot;classic&quot;,&quot;_ob_use_container_extras&quot;:&quot;no&quot;,&quot;_ob_column_hoveranimator&quot;:&quot;no&quot;,&quot;_ob_glider_is_slider&quot;:&quot;no&quot;,&quot;_ob_column_has_pseudo&quot;:&quot;no&quot;}\">\n\t\t\t\t\t<div class=\"e-con-inner\">\n\t\t<div class=\"elementor-element elementor-element-b53ee8a e-con-full e-flex e-con e-child\" data-id=\"b53ee8a\" data-element_type=\"container\" data-e-type=\"container\" data-settings=\"{&quot;background_background&quot;:&quot;classic&quot;,&quot;_ob_use_container_extras&quot;:&quot;no&quot;,&quot;_ob_column_hoveranimator&quot;:&quot;no&quot;,&quot;_ob_glider_is_slider&quot;:&quot;no&quot;,&quot;_ob_column_has_pseudo&quot;:&quot;no&quot;}\">\n\t\t\t\t<div class=\"elementor-element elementor-element-6e201df elementor-hidden-desktop elementor-hidden-tablet elementor-hidden-mobile ob-has-background-overlay elementor-widget elementor-widget-image\" data-id=\"6e201df\" data-element_type=\"widget\" data-e-type=\"widget\" data-settings=\"{&quot;_ob_photomorph_use&quot;:&quot;no&quot;,&quot;_ob_perspektive_use&quot;:&quot;no&quot;,&quot;_ob_poopart_use&quot;:&quot;yes&quot;,&quot;_ob_shadough_use&quot;:&quot;no&quot;,&quot;_ob_allow_hoveranimator&quot;:&quot;no&quot;,&quot;_ob_widget_stalker_use&quot;:&quot;no&quot;}\" data-widget_type=\"image.default\">\n\t\t\t\t\t\t\t\t\t\t\t\t\t\t\t<img fetchpriority=\"high\" decoding=\"async\" width=\"800\" height=\"534\" src=\"https:\/\/thrushine.ca\/wp-content\/uploads\/2025\/10\/partial-view-of-car-cleaner-washing-car-with-spong-2024-11-19-10-21-02-utc-1024x683.jpg\" class=\"attachment-large size-large wp-image-1738\" alt=\"\" srcset=\"https:\/\/thrushine.ca\/wp-content\/uploads\/2025\/10\/partial-view-of-car-cleaner-washing-car-with-spong-2024-11-19-10-21-02-utc-1024x683.jpg 1024w, https:\/\/thrushine.ca\/wp-content\/uploads\/2025\/10\/partial-view-of-car-cleaner-washing-car-with-spong-2024-11-19-10-21-02-utc-300x200.jpg 300w, https:\/\/thrushine.ca\/wp-content\/uploads\/2025\/10\/partial-view-of-car-cleaner-washing-car-with-spong-2024-11-19-10-21-02-utc-768x513.jpg 768w, https:\/\/thrushine.ca\/wp-content\/uploads\/2025\/10\/partial-view-of-car-cleaner-washing-car-with-spong-2024-11-19-10-21-02-utc-1536x1025.jpg 1536w, https:\/\/thrushine.ca\/wp-content\/uploads\/2025\/10\/partial-view-of-car-cleaner-washing-car-with-spong-2024-11-19-10-21-02-utc-2048x1367.jpg 2048w\" sizes=\"(max-width: 800px) 100vw, 800px\" \/>\t\t\t\t\t\t\t\t\t\t\t\t\t\t\t<\/div>\n\t\t\t\t<\/div>\n\t\t<div class=\"elementor-element elementor-element-a34f6ef e-con-full e-flex e-con e-child\" data-id=\"a34f6ef\" data-element_type=\"container\" data-e-type=\"container\" data-settings=\"{&quot;_ob_use_container_extras&quot;:&quot;no&quot;,&quot;_ob_column_hoveranimator&quot;:&quot;no&quot;,&quot;_ob_glider_is_slider&quot;:&quot;no&quot;,&quot;_ob_column_has_pseudo&quot;:&quot;no&quot;}\">\n\t\t\t\t<div class=\"elementor-element elementor-element-4a2d710 ob-harakiri-inherit ob-has-background-overlay elementor-widget elementor-widget-heading\" data-id=\"4a2d710\" data-element_type=\"widget\" data-e-type=\"widget\" data-settings=\"{&quot;_ob_use_harakiri&quot;:&quot;yes&quot;,&quot;_ob_harakiri_writing_mode&quot;:&quot;inherit&quot;,&quot;_ob_harakiri_text_clip&quot;:&quot;none&quot;,&quot;_ob_perspektive_use&quot;:&quot;no&quot;,&quot;_ob_poopart_use&quot;:&quot;yes&quot;,&quot;_ob_shadough_use&quot;:&quot;no&quot;,&quot;_ob_allow_hoveranimator&quot;:&quot;no&quot;,&quot;_ob_widget_stalker_use&quot;:&quot;no&quot;}\" data-widget_type=\"heading.default\">\n\t\t\t\t\t<h2 class=\"elementor-heading-title elementor-size-default\">MARCHEPIEDS<\/h2>\t\t\t\t<\/div>\n\t\t\t\t<div class=\"elementor-element elementor-element-b553c0b ob-harakiri-inherit ob-has-background-overlay elementor-widget elementor-widget-text-editor\" data-id=\"b553c0b\" data-element_type=\"widget\" data-e-type=\"widget\" data-settings=\"{&quot;_ob_use_harakiri&quot;:&quot;yes&quot;,&quot;_ob_harakiri_writing_mode&quot;:&quot;inherit&quot;,&quot;_ob_postman_use&quot;:&quot;no&quot;,&quot;_ob_perspektive_use&quot;:&quot;no&quot;,&quot;_ob_poopart_use&quot;:&quot;yes&quot;,&quot;_ob_shadough_use&quot;:&quot;no&quot;,&quot;_ob_allow_hoveranimator&quot;:&quot;no&quot;,&quot;_ob_widget_stalker_use&quot;:&quot;no&quot;}\" data-widget_type=\"text-editor.default\">\n\t\t\t\t\t\t\t\t\t<p>Les marchepieds sont une modification facile \u00e0 apporter \u00e0 votre v\u00e9hicule, c&rsquo;est pourquoi ThruShine peut \u00e9quiper votre v\u00e9hicule avec le style, la finition et le prix qui r\u00e9pondent \u00e0 vos besoins&nbsp;! Nous ne nous arr\u00eatons pas aux marchepieds et proposons une longue gamme de protections assorties pour votre v\u00e9hicule&nbsp;! Venez parler \u00e0 notre personnel de vente exp\u00e9riment\u00e9 d\u00e8s aujourd&rsquo;hui&nbsp;!  <\/p>\t\t\t\t\t\t\t\t<\/div>\n\t\t\t\t<div class=\"elementor-element elementor-element-c6c6f07 elementor-mobile-align-justify elementor-widget-mobile__width-inherit ob-has-background-overlay elementor-widget elementor-widget-button\" data-id=\"c6c6f07\" data-element_type=\"widget\" data-e-type=\"widget\" data-settings=\"{&quot;_ob_butterbutton_use_it&quot;:&quot;no&quot;,&quot;_ob_perspektive_use&quot;:&quot;no&quot;,&quot;_ob_poopart_use&quot;:&quot;yes&quot;,&quot;_ob_shadough_use&quot;:&quot;no&quot;,&quot;_ob_allow_hoveranimator&quot;:&quot;no&quot;,&quot;_ob_widget_stalker_use&quot;:&quot;no&quot;}\" data-widget_type=\"button.default\">\n\t\t\t\t\t\t\t\t\t\t<a class=\"elementor-button elementor-button-link elementor-size-sm\" href=\"tel:15065488799\">\n\t\t\t\t\t\t<span class=\"elementor-button-content-wrapper\">\n\t\t\t\t\t\t<span class=\"elementor-button-icon\">\n\t\t\t\t<svg aria-hidden=\"true\" class=\"e-font-icon-svg e-fas-phone-alt\" viewBox=\"0 0 512 512\" xmlns=\"http:\/\/www.w3.org\/2000\/svg\"><path d=\"M497.39 361.8l-112-48a24 24 0 0 0-28 6.9l-49.6 60.6A370.66 370.66 0 0 1 130.6 204.11l60.6-49.6a23.94 23.94 0 0 0 6.9-28l-48-112A24.16 24.16 0 0 0 122.6.61l-104 24A24 24 0 0 0 0 48c0 256.5 207.9 464 464 464a24 24 0 0 0 23.4-18.6l24-104a24.29 24.29 0 0 0-14.01-27.6z\"><\/path><\/svg>\t\t\t<\/span>\n\t\t\t\t\t\t\t\t\t<span class=\"elementor-button-text\">Achetez maintenant<\/span>\n\t\t\t\t\t<\/span>\n\t\t\t\t\t<\/a>\n\t\t\t\t\t\t\t\t<\/div>\n\t\t\t\t<\/div>\n\t\t\t\t\t<\/div>\n\t\t\t\t<\/div>\n\t\t<div class=\"elementor-element elementor-element-83bbdf2 e-con-full e-flex e-con e-parent\" data-id=\"83bbdf2\" data-element_type=\"container\" data-e-type=\"container\" data-settings=\"{&quot;_ob_use_container_extras&quot;:&quot;no&quot;,&quot;_ob_column_hoveranimator&quot;:&quot;no&quot;,&quot;_ob_glider_is_slider&quot;:&quot;no&quot;,&quot;_ob_column_has_pseudo&quot;:&quot;no&quot;}\">\n\t\t\t\t<div class=\"elementor-element elementor-element-455f27f ob-has-background-overlay elementor-widget elementor-widget-gallery\" data-id=\"455f27f\" data-element_type=\"widget\" data-e-type=\"widget\" data-settings=\"{&quot;lazyload&quot;:&quot;yes&quot;,&quot;gallery_layout&quot;:&quot;grid&quot;,&quot;columns&quot;:4,&quot;columns_tablet&quot;:2,&quot;columns_mobile&quot;:1,&quot;gap&quot;:{&quot;unit&quot;:&quot;px&quot;,&quot;size&quot;:10,&quot;sizes&quot;:[]},&quot;gap_tablet&quot;:{&quot;unit&quot;:&quot;px&quot;,&quot;size&quot;:10,&quot;sizes&quot;:[]},&quot;gap_mobile&quot;:{&quot;unit&quot;:&quot;px&quot;,&quot;size&quot;:10,&quot;sizes&quot;:[]},&quot;link_to&quot;:&quot;file&quot;,&quot;aspect_ratio&quot;:&quot;3:2&quot;,&quot;overlay_background&quot;:&quot;yes&quot;,&quot;content_hover_animation&quot;:&quot;fade-in&quot;,&quot;_ob_perspektive_use&quot;:&quot;no&quot;,&quot;_ob_poopart_use&quot;:&quot;yes&quot;,&quot;_ob_shadough_use&quot;:&quot;no&quot;,&quot;_ob_allow_hoveranimator&quot;:&quot;no&quot;,&quot;_ob_widget_stalker_use&quot;:&quot;no&quot;}\" data-widget_type=\"gallery.default\">\n\t\t\t\t\t\t\t<div class=\"elementor-gallery__container\">\n\t\t\t\t\t\t\t<a class=\"e-gallery-item elementor-gallery-item elementor-animated-content\" href=\"https:\/\/thrushine.ca\/wp-content\/uploads\/2025\/11\/steps-nb-6in-blacktread-lifestyle-9-770x511-1.jpeg\" data-elementor-open-lightbox=\"yes\" data-elementor-lightbox-slideshow=\"455f27f\" data-e-action-hash=\"#elementor-action%3Aaction%3Dlightbox%26settings%3DeyJpZCI6MTg5MywidXJsIjoiaHR0cHM6XC9cL3RocnVzaGluZS5jYVwvd3AtY29udGVudFwvdXBsb2Fkc1wvMjAyNVwvMTFcL3N0ZXBzLW5iLTZpbi1ibGFja3RyZWFkLWxpZmVzdHlsZS05LTc3MHg1MTEtMS5qcGVnIiwic2xpZGVzaG93IjoiNDU1ZjI3ZiJ9\">\n\t\t\t\t\t<div class=\"e-gallery-image elementor-gallery-item__image\" data-thumbnail=\"https:\/\/thrushine.ca\/wp-content\/uploads\/2025\/11\/steps-nb-6in-blacktread-lifestyle-9-770x511-1.jpeg\" data-width=\"545\" data-height=\"408\" aria-label=\"\" role=\"img\" ><\/div>\n\t\t\t\t\t\t\t\t\t\t\t<div class=\"elementor-gallery-item__overlay\"><\/div>\n\t\t\t\t\t\t\t\t\t\t\t\t\t\t<\/a>\n\t\t\t\t\t\t\t<a class=\"e-gallery-item elementor-gallery-item elementor-animated-content\" href=\"https:\/\/thrushine.ca\/wp-content\/uploads\/2025\/11\/steps-nb-3inround-black-lifestyle-1-770x511-1.jpeg\" data-elementor-open-lightbox=\"yes\" data-elementor-lightbox-slideshow=\"455f27f\" data-e-action-hash=\"#elementor-action%3Aaction%3Dlightbox%26settings%3DeyJpZCI6MTg5NCwidXJsIjoiaHR0cHM6XC9cL3RocnVzaGluZS5jYVwvd3AtY29udGVudFwvdXBsb2Fkc1wvMjAyNVwvMTFcL3N0ZXBzLW5iLTNpbnJvdW5kLWJsYWNrLWxpZmVzdHlsZS0xLTc3MHg1MTEtMS5qcGVnIiwic2xpZGVzaG93IjoiNDU1ZjI3ZiJ9\">\n\t\t\t\t\t<div class=\"e-gallery-image elementor-gallery-item__image\" data-thumbnail=\"https:\/\/thrushine.ca\/wp-content\/uploads\/2025\/11\/steps-nb-3inround-black-lifestyle-1-770x511-1.jpeg\" data-width=\"545\" data-height=\"408\" aria-label=\"\" role=\"img\" ><\/div>\n\t\t\t\t\t\t\t\t\t\t\t<div class=\"elementor-gallery-item__overlay\"><\/div>\n\t\t\t\t\t\t\t\t\t\t\t\t\t\t<\/a>\n\t\t\t\t\t\t\t<a class=\"e-gallery-item elementor-gallery-item elementor-animated-content\" href=\"https:\/\/thrushine.ca\/wp-content\/uploads\/2025\/11\/steps-nb-3inround-black-1-770x511-1.jpeg\" data-elementor-open-lightbox=\"yes\" data-elementor-lightbox-slideshow=\"455f27f\" data-e-action-hash=\"#elementor-action%3Aaction%3Dlightbox%26settings%3DeyJpZCI6MTg5NSwidXJsIjoiaHR0cHM6XC9cL3RocnVzaGluZS5jYVwvd3AtY29udGVudFwvdXBsb2Fkc1wvMjAyNVwvMTFcL3N0ZXBzLW5iLTNpbnJvdW5kLWJsYWNrLTEtNzcweDUxMS0xLmpwZWciLCJzbGlkZXNob3ciOiI0NTVmMjdmIn0%3D\">\n\t\t\t\t\t<div class=\"e-gallery-image elementor-gallery-item__image\" data-thumbnail=\"https:\/\/thrushine.ca\/wp-content\/uploads\/2025\/11\/steps-nb-3inround-black-1-770x511-1.jpeg\" data-width=\"545\" data-height=\"408\" aria-label=\"\" role=\"img\" ><\/div>\n\t\t\t\t\t\t\t\t\t\t\t<div class=\"elementor-gallery-item__overlay\"><\/div>\n\t\t\t\t\t\t\t\t\t\t\t\t\t\t<\/a>\n\t\t\t\t\t\t\t<a class=\"e-gallery-item elementor-gallery-item elementor-animated-content\" href=\"https:\/\/thrushine.ca\/wp-content\/uploads\/2025\/11\/steps-hexcast-1-770x511-1.jpeg\" data-elementor-open-lightbox=\"yes\" data-elementor-lightbox-slideshow=\"455f27f\" data-e-action-hash=\"#elementor-action%3Aaction%3Dlightbox%26settings%3DeyJpZCI6MTg5NiwidXJsIjoiaHR0cHM6XC9cL3RocnVzaGluZS5jYVwvd3AtY29udGVudFwvdXBsb2Fkc1wvMjAyNVwvMTFcL3N0ZXBzLWhleGNhc3QtMS03NzB4NTExLTEuanBlZyIsInNsaWRlc2hvdyI6IjQ1NWYyN2YifQ%3D%3D\">\n\t\t\t\t\t<div class=\"e-gallery-image elementor-gallery-item__image\" data-thumbnail=\"https:\/\/thrushine.ca\/wp-content\/uploads\/2025\/11\/steps-hexcast-1-770x511-1.jpeg\" data-width=\"545\" data-height=\"408\" aria-label=\"\" role=\"img\" ><\/div>\n\t\t\t\t\t\t\t\t\t\t\t<div class=\"elementor-gallery-item__overlay\"><\/div>\n\t\t\t\t\t\t\t\t\t\t\t\t\t\t<\/a>\n\t\t\t\t\t\t\t<a class=\"e-gallery-item elementor-gallery-item elementor-animated-content\" href=\"https:\/\/thrushine.ca\/wp-content\/uploads\/2025\/11\/step4-681x511-1.jpg\" data-elementor-open-lightbox=\"yes\" data-elementor-lightbox-slideshow=\"455f27f\" data-e-action-hash=\"#elementor-action%3Aaction%3Dlightbox%26settings%3DeyJpZCI6MTg5NywidXJsIjoiaHR0cHM6XC9cL3RocnVzaGluZS5jYVwvd3AtY29udGVudFwvdXBsb2Fkc1wvMjAyNVwvMTFcL3N0ZXA0LTY4MXg1MTEtMS5qcGciLCJzbGlkZXNob3ciOiI0NTVmMjdmIn0%3D\">\n\t\t\t\t\t<div class=\"e-gallery-image elementor-gallery-item__image\" data-thumbnail=\"https:\/\/thrushine.ca\/wp-content\/uploads\/2025\/11\/step4-681x511-1.jpg\" data-width=\"681\" data-height=\"511\" aria-label=\"\" role=\"img\" ><\/div>\n\t\t\t\t\t\t\t\t\t\t\t<div class=\"elementor-gallery-item__overlay\"><\/div>\n\t\t\t\t\t\t\t\t\t\t\t\t\t\t<\/a>\n\t\t\t\t\t\t\t<a class=\"e-gallery-item elementor-gallery-item elementor-animated-content\" href=\"https:\/\/thrushine.ca\/wp-content\/uploads\/2025\/11\/step3-623x467-1.jpg\" data-elementor-open-lightbox=\"yes\" data-elementor-lightbox-slideshow=\"455f27f\" data-e-action-hash=\"#elementor-action%3Aaction%3Dlightbox%26settings%3DeyJpZCI6MTc1MCwidXJsIjoiaHR0cHM6XC9cL3RocnVzaGluZS5jYVwvd3AtY29udGVudFwvdXBsb2Fkc1wvMjAyNVwvMTFcL3N0ZXAzLTYyM3g0NjctMS5qcGciLCJzbGlkZXNob3ciOiI0NTVmMjdmIn0%3D\">\n\t\t\t\t\t<div class=\"e-gallery-image elementor-gallery-item__image\" data-thumbnail=\"https:\/\/thrushine.ca\/wp-content\/uploads\/2025\/11\/step3-623x467-1.jpg\" data-width=\"623\" data-height=\"467\" aria-label=\"\" role=\"img\" ><\/div>\n\t\t\t\t\t\t\t\t\t\t\t<div class=\"elementor-gallery-item__overlay\"><\/div>\n\t\t\t\t\t\t\t\t\t\t\t\t\t\t<\/a>\n\t\t\t\t\t\t\t<a class=\"e-gallery-item elementor-gallery-item elementor-animated-content\" href=\"https:\/\/thrushine.ca\/wp-content\/uploads\/2025\/11\/aries-ridgestep-3-624x486-1.jpeg\" data-elementor-open-lightbox=\"yes\" data-elementor-lightbox-slideshow=\"455f27f\" data-e-action-hash=\"#elementor-action%3Aaction%3Dlightbox%26settings%3DeyJpZCI6MTg5OCwidXJsIjoiaHR0cHM6XC9cL3RocnVzaGluZS5jYVwvd3AtY29udGVudFwvdXBsb2Fkc1wvMjAyNVwvMTFcL2FyaWVzLXJpZGdlc3RlcC0zLTYyNHg0ODYtMS5qcGVnIiwic2xpZGVzaG93IjoiNDU1ZjI3ZiJ9\">\n\t\t\t\t\t<div class=\"e-gallery-image elementor-gallery-item__image\" data-thumbnail=\"https:\/\/thrushine.ca\/wp-content\/uploads\/2025\/11\/aries-ridgestep-3-624x486-1.jpeg\" data-width=\"499\" data-height=\"374\" aria-label=\"\" role=\"img\" ><\/div>\n\t\t\t\t\t\t\t\t\t\t\t<div class=\"elementor-gallery-item__overlay\"><\/div>\n\t\t\t\t\t\t\t\t\t\t\t\t\t\t<\/a>\n\t\t\t\t\t\t\t<a class=\"e-gallery-item elementor-gallery-item elementor-animated-content\" href=\"https:\/\/thrushine.ca\/wp-content\/uploads\/2025\/11\/aries-bigstep-1-622x512-1.jpeg\" data-elementor-open-lightbox=\"yes\" data-elementor-lightbox-slideshow=\"455f27f\" data-e-action-hash=\"#elementor-action%3Aaction%3Dlightbox%26settings%3DeyJpZCI6MTg5OSwidXJsIjoiaHR0cHM6XC9cL3RocnVzaGluZS5jYVwvd3AtY29udGVudFwvdXBsb2Fkc1wvMjAyNVwvMTFcL2FyaWVzLWJpZ3N0ZXAtMS02MjJ4NTEyLTEuanBlZyIsInNsaWRlc2hvdyI6IjQ1NWYyN2YifQ%3D%3D\">\n\t\t\t\t\t<div class=\"e-gallery-image elementor-gallery-item__image\" data-thumbnail=\"https:\/\/thrushine.ca\/wp-content\/uploads\/2025\/11\/aries-bigstep-1-622x512-1.jpeg\" data-width=\"497\" data-height=\"373\" aria-label=\"\" role=\"img\" ><\/div>\n\t\t\t\t\t\t\t\t\t\t\t<div class=\"elementor-gallery-item__overlay\"><\/div>\n\t\t\t\t\t\t\t\t\t\t\t\t\t\t<\/a>\n\t\t\t\t\t<\/div>\n\t\t\t\t\t<\/div>\n\t\t\t\t<\/div>\n\t\t\t\t<\/div>\n\t\t","protected":false},"excerpt":{"rendered":"<p>Les marchepieds sont une modification facile \u00e0 apporter \u00e0 votre v\u00e9hicule, c&rsquo;est pourquoi ThruShine peut \u00e9quiper votre v\u00e9hicule avec le style, la finition et le prix qui r\u00e9pondent \u00e0 vos besoins&nbsp;! Nous ne nous arr\u00eatons pas aux marchepieds et proposons une longue gamme de protections assorties pour votre v\u00e9hicule&nbsp;! Venez parler \u00e0 notre personnel de vente exp\u00e9riment\u00e9 d\u00e8s aujourd&rsquo;hui&nbsp;!  <\/p>\n","protected":false},"author":1,"featured_media":1900,"parent":0,"menu_order":0,"comment_status":"closed","ping_status":"closed","template":"","meta":{"footnotes":""},"class_list":["post-1901","page","type-page","status-publish","has-post-thumbnail","hentry"],"_links":{"self":[{"href":"https:\/\/thrushine.ca\/fr\/wp-json\/wp\/v2\/pages\/1901","targetHints":{"allow":["GET"]}}],"collection":[{"href":"https:\/\/thrushine.ca\/fr\/wp-json\/wp\/v2\/pages"}],"about":[{"href":"https:\/\/thrushine.ca\/fr\/wp-json\/wp\/v2\/types\/page"}],"author":[{"embeddable":true,"href":"https:\/\/thrushine.ca\/fr\/wp-json\/wp\/v2\/users\/1"}],"replies":[{"embeddable":true,"href":"https:\/\/thrushine.ca\/fr\/wp-json\/wp\/v2\/comments?post=1901"}],"version-history":[{"count":0,"href":"https:\/\/thrushine.ca\/fr\/wp-json\/wp\/v2\/pages\/1901\/revisions"}],"wp:featuredmedia":[{"embeddable":true,"href":"https:\/\/thrushine.ca\/fr\/wp-json\/wp\/v2\/media\/1900"}],"wp:attachment":[{"href":"https:\/\/thrushine.ca\/fr\/wp-json\/wp\/v2\/media?parent=1901"}],"curies":[{"name":"wp","href":"https:\/\/api.w.org\/{rel}","templated":true}]}}