{"id":1912,"date":"2025-11-13T16:05:35","date_gmt":"2025-11-13T20:05:35","guid":{"rendered":"https:\/\/staging.thrushine.ca\/deflecteurs-de-fenetre\/"},"modified":"2025-11-17T11:53:11","modified_gmt":"2025-11-17T15:53:11","slug":"deflecteurs-de-fenetre","status":"publish","type":"page","link":"https:\/\/thrushine.ca\/fr\/deflecteurs-de-fenetre\/","title":{"rendered":"D\u00e9flecteurs de fen\u00eatre"},"content":{"rendered":"\t\t<div data-elementor-type=\"wp-page\" data-elementor-id=\"1912\" class=\"elementor elementor-1912 elementor-1340\" data-elementor-post-type=\"page\">\n\t\t\t\t<div class=\"elementor-element elementor-element-a7ea2d1 e-flex e-con-boxed e-con e-parent\" data-id=\"a7ea2d1\" data-element_type=\"container\" data-e-type=\"container\" data-settings=\"{&quot;background_background&quot;:&quot;classic&quot;,&quot;_ob_use_container_extras&quot;:&quot;no&quot;,&quot;_ob_column_hoveranimator&quot;:&quot;no&quot;,&quot;_ob_glider_is_slider&quot;:&quot;no&quot;,&quot;_ob_column_has_pseudo&quot;:&quot;no&quot;}\">\n\t\t\t\t\t<div class=\"e-con-inner\">\n\t\t<div class=\"elementor-element elementor-element-31c95ea e-con-full e-flex e-con e-child\" data-id=\"31c95ea\" data-element_type=\"container\" data-e-type=\"container\" data-settings=\"{&quot;background_background&quot;:&quot;classic&quot;,&quot;_ob_use_container_extras&quot;:&quot;no&quot;,&quot;_ob_column_hoveranimator&quot;:&quot;no&quot;,&quot;_ob_glider_is_slider&quot;:&quot;no&quot;,&quot;_ob_column_has_pseudo&quot;:&quot;no&quot;}\">\n\t\t\t\t<div class=\"elementor-element elementor-element-68afa9f elementor-hidden-desktop elementor-hidden-tablet elementor-hidden-mobile ob-has-background-overlay elementor-widget elementor-widget-image\" data-id=\"68afa9f\" data-element_type=\"widget\" data-e-type=\"widget\" data-settings=\"{&quot;_ob_photomorph_use&quot;:&quot;no&quot;,&quot;_ob_perspektive_use&quot;:&quot;no&quot;,&quot;_ob_poopart_use&quot;:&quot;yes&quot;,&quot;_ob_shadough_use&quot;:&quot;no&quot;,&quot;_ob_allow_hoveranimator&quot;:&quot;no&quot;,&quot;_ob_widget_stalker_use&quot;:&quot;no&quot;}\" data-widget_type=\"image.default\">\n\t\t\t\t\t\t\t\t\t\t\t\t\t\t\t<img fetchpriority=\"high\" decoding=\"async\" width=\"800\" height=\"534\" src=\"https:\/\/thrushine.ca\/wp-content\/uploads\/2025\/10\/partial-view-of-car-cleaner-washing-car-with-spong-2024-11-19-10-21-02-utc-1024x683.jpg\" class=\"attachment-large size-large wp-image-1738\" alt=\"\" srcset=\"https:\/\/thrushine.ca\/wp-content\/uploads\/2025\/10\/partial-view-of-car-cleaner-washing-car-with-spong-2024-11-19-10-21-02-utc-1024x683.jpg 1024w, https:\/\/thrushine.ca\/wp-content\/uploads\/2025\/10\/partial-view-of-car-cleaner-washing-car-with-spong-2024-11-19-10-21-02-utc-300x200.jpg 300w, https:\/\/thrushine.ca\/wp-content\/uploads\/2025\/10\/partial-view-of-car-cleaner-washing-car-with-spong-2024-11-19-10-21-02-utc-768x513.jpg 768w, https:\/\/thrushine.ca\/wp-content\/uploads\/2025\/10\/partial-view-of-car-cleaner-washing-car-with-spong-2024-11-19-10-21-02-utc-1536x1025.jpg 1536w, https:\/\/thrushine.ca\/wp-content\/uploads\/2025\/10\/partial-view-of-car-cleaner-washing-car-with-spong-2024-11-19-10-21-02-utc-2048x1367.jpg 2048w\" sizes=\"(max-width: 800px) 100vw, 800px\" \/>\t\t\t\t\t\t\t\t\t\t\t\t\t\t\t<\/div>\n\t\t\t\t<\/div>\n\t\t<div class=\"elementor-element elementor-element-0658feb e-con-full e-flex e-con e-child\" data-id=\"0658feb\" data-element_type=\"container\" data-e-type=\"container\" data-settings=\"{&quot;_ob_use_container_extras&quot;:&quot;no&quot;,&quot;_ob_column_hoveranimator&quot;:&quot;no&quot;,&quot;_ob_glider_is_slider&quot;:&quot;no&quot;,&quot;_ob_column_has_pseudo&quot;:&quot;no&quot;}\">\n\t\t\t\t<div class=\"elementor-element elementor-element-ba3a85a ob-harakiri-inherit ob-has-background-overlay elementor-widget elementor-widget-heading\" data-id=\"ba3a85a\" data-element_type=\"widget\" data-e-type=\"widget\" data-settings=\"{&quot;_ob_use_harakiri&quot;:&quot;yes&quot;,&quot;_ob_harakiri_writing_mode&quot;:&quot;inherit&quot;,&quot;_ob_harakiri_text_clip&quot;:&quot;none&quot;,&quot;_ob_perspektive_use&quot;:&quot;no&quot;,&quot;_ob_poopart_use&quot;:&quot;yes&quot;,&quot;_ob_shadough_use&quot;:&quot;no&quot;,&quot;_ob_allow_hoveranimator&quot;:&quot;no&quot;,&quot;_ob_widget_stalker_use&quot;:&quot;no&quot;}\" data-widget_type=\"heading.default\">\n\t\t\t\t\t<h2 class=\"elementor-heading-title elementor-size-default\">D\u00c9FLECTEURS DE FEN\u00caTRE<\/h2>\t\t\t\t<\/div>\n\t\t\t\t<div class=\"elementor-element elementor-element-0741b77 ob-harakiri-inherit ob-has-background-overlay elementor-widget elementor-widget-text-editor\" data-id=\"0741b77\" data-element_type=\"widget\" data-e-type=\"widget\" data-settings=\"{&quot;_ob_use_harakiri&quot;:&quot;yes&quot;,&quot;_ob_harakiri_writing_mode&quot;:&quot;inherit&quot;,&quot;_ob_postman_use&quot;:&quot;no&quot;,&quot;_ob_perspektive_use&quot;:&quot;no&quot;,&quot;_ob_poopart_use&quot;:&quot;yes&quot;,&quot;_ob_shadough_use&quot;:&quot;no&quot;,&quot;_ob_allow_hoveranimator&quot;:&quot;no&quot;,&quot;_ob_widget_stalker_use&quot;:&quot;no&quot;}\" data-widget_type=\"text-editor.default\">\n\t\t\t\t\t\t\t\t\t<p>Les d\u00e9flecteurs de fen\u00eatre sont une excellente solution pour laisser entrer l&rsquo;air frais dans votre v\u00e9hicule sans laisser p\u00e9n\u00e9trer la pluie lors des journ\u00e9es d&rsquo;\u00e9t\u00e9 humides ! Nos produits sont con\u00e7us sur mesure pour s&rsquo;adapter parfaitement \u00e0 la marque et au mod\u00e8le de votre v\u00e9hicule. Ils sont disponibles dans diff\u00e9rentes finitions qui s&rsquo;harmonisent facilement avec vos accessoires ext\u00e9rieurs pour un look soign\u00e9. Rapides \u00e0 installer et propos\u00e9s \u00e0 un excellent prix, nous avons la solution parfaite pour votre v\u00e9hicule.   <\/p><p><a href=\"tel:15065488799\">Contactez-nous<\/a> d\u00e8s aujourd&rsquo;hui pour conna\u00eetre toutes les options de d\u00e9flecteurs de fen\u00eatre pour voitures, SUV et camions !<\/p>\t\t\t\t\t\t\t\t<\/div>\n\t\t\t\t<div class=\"elementor-element elementor-element-7be6358 elementor-mobile-align-justify elementor-widget-mobile__width-inherit ob-has-background-overlay elementor-widget elementor-widget-button\" data-id=\"7be6358\" data-element_type=\"widget\" data-e-type=\"widget\" data-settings=\"{&quot;_ob_butterbutton_use_it&quot;:&quot;no&quot;,&quot;_ob_perspektive_use&quot;:&quot;no&quot;,&quot;_ob_poopart_use&quot;:&quot;yes&quot;,&quot;_ob_shadough_use&quot;:&quot;no&quot;,&quot;_ob_allow_hoveranimator&quot;:&quot;no&quot;,&quot;_ob_widget_stalker_use&quot;:&quot;no&quot;}\" data-widget_type=\"button.default\">\n\t\t\t\t\t\t\t\t\t\t<a class=\"elementor-button elementor-button-link elementor-size-sm\" href=\"tel:15065488799\">\n\t\t\t\t\t\t<span class=\"elementor-button-content-wrapper\">\n\t\t\t\t\t\t<span class=\"elementor-button-icon\">\n\t\t\t\t<svg aria-hidden=\"true\" class=\"e-font-icon-svg e-fas-phone-alt\" viewBox=\"0 0 512 512\" xmlns=\"http:\/\/www.w3.org\/2000\/svg\"><path d=\"M497.39 361.8l-112-48a24 24 0 0 0-28 6.9l-49.6 60.6A370.66 370.66 0 0 1 130.6 204.11l60.6-49.6a23.94 23.94 0 0 0 6.9-28l-48-112A24.16 24.16 0 0 0 122.6.61l-104 24A24 24 0 0 0 0 48c0 256.5 207.9 464 464 464a24 24 0 0 0 23.4-18.6l24-104a24.29 24.29 0 0 0-14.01-27.6z\"><\/path><\/svg>\t\t\t<\/span>\n\t\t\t\t\t\t\t\t\t<span class=\"elementor-button-text\">Acheter des d\u00e9flecteurs de fen\u00eatre<\/span>\n\t\t\t\t\t<\/span>\n\t\t\t\t\t<\/a>\n\t\t\t\t\t\t\t\t<\/div>\n\t\t\t\t<\/div>\n\t\t\t\t\t<\/div>\n\t\t\t\t<\/div>\n\t\t\t\t<\/div>\n\t\t","protected":false},"excerpt":{"rendered":"<p>Les d\u00e9flecteurs de fen\u00eatre sont une excellente solution pour laisser entrer l&rsquo;air frais dans votre v\u00e9hicule sans laisser p\u00e9n\u00e9trer la pluie lors des journ\u00e9es d&rsquo;\u00e9t\u00e9 humides ! Nos produits sont con\u00e7us sur mesure pour s&rsquo;adapter parfaitement \u00e0 la marque et au mod\u00e8le de votre v\u00e9hicule. Ils sont disponibles dans diff\u00e9rentes finitions qui s&rsquo;harmonisent facilement avec vos accessoires ext\u00e9rieurs pour un look soign\u00e9. Rapides \u00e0 installer et propos\u00e9s \u00e0 un excellent prix, nous avons la solution parfaite pour votre v\u00e9hicule.   <\/p>\n<p>Contactez-nous d\u00e8s aujourd&rsquo;hui pour conna\u00eetre nos tarifs ! 506-548-8799<\/p>\n","protected":false},"author":1,"featured_media":1752,"parent":0,"menu_order":0,"comment_status":"closed","ping_status":"closed","template":"","meta":{"footnotes":""},"class_list":["post-1912","page","type-page","status-publish","has-post-thumbnail","hentry"],"_links":{"self":[{"href":"https:\/\/thrushine.ca\/fr\/wp-json\/wp\/v2\/pages\/1912","targetHints":{"allow":["GET"]}}],"collection":[{"href":"https:\/\/thrushine.ca\/fr\/wp-json\/wp\/v2\/pages"}],"about":[{"href":"https:\/\/thrushine.ca\/fr\/wp-json\/wp\/v2\/types\/page"}],"author":[{"embeddable":true,"href":"https:\/\/thrushine.ca\/fr\/wp-json\/wp\/v2\/users\/1"}],"replies":[{"embeddable":true,"href":"https:\/\/thrushine.ca\/fr\/wp-json\/wp\/v2\/comments?post=1912"}],"version-history":[{"count":0,"href":"https:\/\/thrushine.ca\/fr\/wp-json\/wp\/v2\/pages\/1912\/revisions"}],"wp:featuredmedia":[{"embeddable":true,"href":"https:\/\/thrushine.ca\/fr\/wp-json\/wp\/v2\/media\/1752"}],"wp:attachment":[{"href":"https:\/\/thrushine.ca\/fr\/wp-json\/wp\/v2\/media?parent=1912"}],"curies":[{"name":"wp","href":"https:\/\/api.w.org\/{rel}","templated":true}]}}