{"id":1934,"date":"2025-11-12T18:51:44","date_gmt":"2025-11-12T22:51:44","guid":{"rendered":"https:\/\/staging.thrushine.ca\/teintage-de-vitres\/"},"modified":"2025-11-17T11:55:09","modified_gmt":"2025-11-17T15:55:09","slug":"teintage-de-vitres","status":"publish","type":"page","link":"https:\/\/thrushine.ca\/fr\/teintage-de-vitres\/","title":{"rendered":"Teintage de vitres"},"content":{"rendered":"\t\t<div data-elementor-type=\"wp-page\" data-elementor-id=\"1934\" class=\"elementor elementor-1934 elementor-1039\" data-elementor-post-type=\"page\">\n\t\t\t\t<div class=\"elementor-element elementor-element-16e256f e-con-full e-flex e-con e-parent\" data-id=\"16e256f\" data-element_type=\"container\" data-e-type=\"container\" data-settings=\"{&quot;background_background&quot;:&quot;classic&quot;,&quot;_ob_use_container_extras&quot;:&quot;no&quot;,&quot;_ob_column_hoveranimator&quot;:&quot;no&quot;,&quot;_ob_glider_is_slider&quot;:&quot;no&quot;,&quot;_ob_column_has_pseudo&quot;:&quot;no&quot;}\">\n\t\t<div class=\"elementor-element elementor-element-2e83b26 e-con-full e-flex e-con e-child\" data-id=\"2e83b26\" data-element_type=\"container\" data-e-type=\"container\" data-settings=\"{&quot;background_background&quot;:&quot;video&quot;,&quot;background_video_link&quot;:&quot;https:\\\/\\\/thrushine.ca\\\/wp-content\\\/uploads\\\/2025\\\/10\\\/male-car-service-worker-glue-window-tinting-in-lux-1080p-2025-08-29-04-52-35-utc.mov&quot;,&quot;background_play_on_mobile&quot;:&quot;yes&quot;,&quot;background_privacy_mode&quot;:&quot;yes&quot;,&quot;_ob_use_container_extras&quot;:&quot;no&quot;,&quot;_ob_column_hoveranimator&quot;:&quot;no&quot;,&quot;_ob_glider_is_slider&quot;:&quot;no&quot;,&quot;_ob_column_has_pseudo&quot;:&quot;no&quot;}\">\n\t\t<div class=\"elementor-background-video-container\">\n\t\t\t\t\t\t\t<video class=\"elementor-background-video-hosted\" role=\"presentation\" autoplay muted playsinline loop><\/video>\n\t\t\t\t\t<\/div>\t\t<div class=\"elementor-element elementor-element-4f3570e elementor-hidden-desktop elementor-hidden-tablet elementor-hidden-mobile ob-has-background-overlay elementor-widget elementor-widget-image\" data-id=\"4f3570e\" data-element_type=\"widget\" data-e-type=\"widget\" data-settings=\"{&quot;_ob_photomorph_use&quot;:&quot;no&quot;,&quot;_ob_perspektive_use&quot;:&quot;no&quot;,&quot;_ob_poopart_use&quot;:&quot;yes&quot;,&quot;_ob_shadough_use&quot;:&quot;no&quot;,&quot;_ob_allow_hoveranimator&quot;:&quot;no&quot;,&quot;_ob_widget_stalker_use&quot;:&quot;no&quot;}\" data-widget_type=\"image.default\">\n\t\t\t\t\t\t\t\t\t\t\t\t\t\t\t<img fetchpriority=\"high\" decoding=\"async\" width=\"800\" height=\"534\" src=\"https:\/\/thrushine.ca\/wp-content\/uploads\/2025\/10\/partial-view-of-car-cleaner-washing-car-with-spong-2024-11-19-10-21-02-utc-1024x683.jpg\" class=\"attachment-large size-large wp-image-1738\" alt=\"\" srcset=\"https:\/\/thrushine.ca\/wp-content\/uploads\/2025\/10\/partial-view-of-car-cleaner-washing-car-with-spong-2024-11-19-10-21-02-utc-1024x683.jpg 1024w, https:\/\/thrushine.ca\/wp-content\/uploads\/2025\/10\/partial-view-of-car-cleaner-washing-car-with-spong-2024-11-19-10-21-02-utc-300x200.jpg 300w, https:\/\/thrushine.ca\/wp-content\/uploads\/2025\/10\/partial-view-of-car-cleaner-washing-car-with-spong-2024-11-19-10-21-02-utc-768x513.jpg 768w, https:\/\/thrushine.ca\/wp-content\/uploads\/2025\/10\/partial-view-of-car-cleaner-washing-car-with-spong-2024-11-19-10-21-02-utc-1536x1025.jpg 1536w, https:\/\/thrushine.ca\/wp-content\/uploads\/2025\/10\/partial-view-of-car-cleaner-washing-car-with-spong-2024-11-19-10-21-02-utc-2048x1367.jpg 2048w\" sizes=\"(max-width: 800px) 100vw, 800px\" \/>\t\t\t\t\t\t\t\t\t\t\t\t\t\t\t<\/div>\n\t\t\t\t<\/div>\n\t\t<div class=\"elementor-element elementor-element-8976efd e-con-full e-flex e-con e-child\" data-id=\"8976efd\" data-element_type=\"container\" data-e-type=\"container\" data-settings=\"{&quot;_ob_use_container_extras&quot;:&quot;no&quot;,&quot;_ob_column_hoveranimator&quot;:&quot;no&quot;,&quot;_ob_glider_is_slider&quot;:&quot;no&quot;,&quot;_ob_column_has_pseudo&quot;:&quot;no&quot;}\">\n\t\t\t\t<div class=\"elementor-element elementor-element-5bf4fb3 ob-harakiri-inherit ob-has-background-overlay elementor-widget elementor-widget-heading\" data-id=\"5bf4fb3\" data-element_type=\"widget\" data-e-type=\"widget\" data-settings=\"{&quot;_ob_use_harakiri&quot;:&quot;yes&quot;,&quot;_ob_harakiri_writing_mode&quot;:&quot;inherit&quot;,&quot;_ob_harakiri_text_clip&quot;:&quot;none&quot;,&quot;_ob_perspektive_use&quot;:&quot;no&quot;,&quot;_ob_poopart_use&quot;:&quot;yes&quot;,&quot;_ob_shadough_use&quot;:&quot;no&quot;,&quot;_ob_allow_hoveranimator&quot;:&quot;no&quot;,&quot;_ob_widget_stalker_use&quot;:&quot;no&quot;}\" data-widget_type=\"heading.default\">\n\t\t\t\t\t<h2 class=\"elementor-heading-title elementor-size-default\">GALERIE PHOTO PRINCIPALE<\/h2>\t\t\t\t<\/div>\n\t\t\t\t<div class=\"elementor-element elementor-element-5426970 elementor-widget-divider--view-line ob-has-background-overlay elementor-widget elementor-widget-divider\" data-id=\"5426970\" data-element_type=\"widget\" data-e-type=\"widget\" data-settings=\"{&quot;_ob_perspektive_use&quot;:&quot;no&quot;,&quot;_ob_poopart_use&quot;:&quot;yes&quot;,&quot;_ob_shadough_use&quot;:&quot;no&quot;,&quot;_ob_allow_hoveranimator&quot;:&quot;no&quot;,&quot;_ob_widget_stalker_use&quot;:&quot;no&quot;}\" data-widget_type=\"divider.default\">\n\t\t\t\t\t\t\t<div class=\"elementor-divider\">\n\t\t\t<span class=\"elementor-divider-separator\">\n\t\t\t\t\t\t<\/span>\n\t\t<\/div>\n\t\t\t\t\t\t<\/div>\n\t\t\t\t<div class=\"elementor-element elementor-element-02b8261 ob-harakiri-inherit ob-has-background-overlay elementor-widget elementor-widget-text-editor\" data-id=\"02b8261\" data-element_type=\"widget\" data-e-type=\"widget\" data-settings=\"{&quot;_ob_use_harakiri&quot;:&quot;yes&quot;,&quot;_ob_harakiri_writing_mode&quot;:&quot;inherit&quot;,&quot;_ob_postman_use&quot;:&quot;no&quot;,&quot;_ob_perspektive_use&quot;:&quot;no&quot;,&quot;_ob_poopart_use&quot;:&quot;yes&quot;,&quot;_ob_shadough_use&quot;:&quot;no&quot;,&quot;_ob_allow_hoveranimator&quot;:&quot;no&quot;,&quot;_ob_widget_stalker_use&quot;:&quot;no&quot;}\" data-widget_type=\"text-editor.default\">\n\t\t\t\t\t\t\t\t\t<p>Voici des photos des v\u00e9hicules de certains de nos clients. Elles d\u00e9montrent la qualit\u00e9 de notre travail et les r\u00e9sultats auxquels vous pouvez vous attendre en nous confiant la pr\u00e9paration esth\u00e9tique de votre v\u00e9hicule.  <\/p><p>Nous avons \u00e9galement deux autres galeries de photos qui sont \u00ab <a href=\"https:\/\/thrushine.ca\/fr\/voitures-classiques\/\"><strong>Voitures classiques<\/strong><\/a> \u00bb et \u00ab <a href=\"https:\/\/thrushine.ca\/fr\/galerie-principale\/\"><strong>Galerie principale<\/strong><\/a> \u00bb<\/p><p>Profitez-en, et n&rsquo;oubliez pas de nous appeler au <a href=\"tel:15065488799\">(506) 548-8799<\/a> !<\/p>\t\t\t\t\t\t\t\t<\/div>\n\t\t\t\t<div class=\"elementor-element elementor-element-fd8028d ob-harakiri-inherit ob-has-background-overlay elementor-widget elementor-widget-text-editor\" data-id=\"fd8028d\" data-element_type=\"widget\" data-e-type=\"widget\" data-settings=\"{&quot;_ob_use_harakiri&quot;:&quot;yes&quot;,&quot;_ob_harakiri_writing_mode&quot;:&quot;inherit&quot;,&quot;_ob_postman_use&quot;:&quot;no&quot;,&quot;_ob_perspektive_use&quot;:&quot;no&quot;,&quot;_ob_poopart_use&quot;:&quot;yes&quot;,&quot;_ob_shadough_use&quot;:&quot;no&quot;,&quot;_ob_allow_hoveranimator&quot;:&quot;no&quot;,&quot;_ob_widget_stalker_use&quot;:&quot;no&quot;}\" data-widget_type=\"text-editor.default\">\n\t\t\t\t\t\t\t\t\t<p>Vous souhaitez faire <a href=\"https:\/\/thrushine.ca\/fr\/teinte-de-vitres-pour-vehicules\/\">teinter les vitres de votre v\u00e9hicule<\/a> ? Appelez-nous ou consultez la section <a href=\"https:\/\/thrushine.ca\/fr\/teinte-de-vitres-pour-vehicules\/\">teintage de vitres<\/a> suivante. <\/p>\t\t\t\t\t\t\t\t<\/div>\n\t\t\t\t<div class=\"elementor-element elementor-element-c92738d ob-has-background-overlay elementor-widget elementor-widget-button\" data-id=\"c92738d\" data-element_type=\"widget\" data-e-type=\"widget\" data-settings=\"{&quot;_ob_butterbutton_use_it&quot;:&quot;no&quot;,&quot;_ob_perspektive_use&quot;:&quot;no&quot;,&quot;_ob_poopart_use&quot;:&quot;yes&quot;,&quot;_ob_shadough_use&quot;:&quot;no&quot;,&quot;_ob_allow_hoveranimator&quot;:&quot;no&quot;,&quot;_ob_widget_stalker_use&quot;:&quot;no&quot;}\" data-widget_type=\"button.default\">\n\t\t\t\t\t\t\t\t\t\t<a class=\"elementor-button elementor-button-link elementor-size-sm\" href=\"https:\/\/thrushine.ca\/fr\/teinte-de-vitres-pour-vehicules\/\">\n\t\t\t\t\t\t<span class=\"elementor-button-content-wrapper\">\n\t\t\t\t\t\t<span class=\"elementor-button-icon\">\n\t\t\t\t<svg aria-hidden=\"true\" class=\"e-font-icon-svg e-fas-long-arrow-alt-right\" viewBox=\"0 0 448 512\" xmlns=\"http:\/\/www.w3.org\/2000\/svg\"><path d=\"M313.941 216H12c-6.627 0-12 5.373-12 12v56c0 6.627 5.373 12 12 12h301.941v46.059c0 21.382 25.851 32.09 40.971 16.971l86.059-86.059c9.373-9.373 9.373-24.569 0-33.941l-86.059-86.059c-15.119-15.119-40.971-4.411-40.971 16.971V216z\"><\/path><\/svg>\t\t\t<\/span>\n\t\t\t\t\t\t\t\t\t<span class=\"elementor-button-text\">Obtenez le teintage des vitres de v\u00e9hicule<\/span>\n\t\t\t\t\t<\/span>\n\t\t\t\t\t<\/a>\n\t\t\t\t\t\t\t\t<\/div>\n\t\t\t\t<\/div>\n\t\t\t\t<\/div>\n\t\t<div class=\"elementor-element elementor-element-e5adac7 e-con-full e-flex e-con e-parent\" data-id=\"e5adac7\" data-element_type=\"container\" data-e-type=\"container\" data-settings=\"{&quot;_ob_use_container_extras&quot;:&quot;no&quot;,&quot;_ob_column_hoveranimator&quot;:&quot;no&quot;,&quot;_ob_glider_is_slider&quot;:&quot;no&quot;,&quot;_ob_column_has_pseudo&quot;:&quot;no&quot;}\">\n\t\t\t\t<div class=\"elementor-element elementor-element-2ab50ce ob-has-background-overlay elementor-widget elementor-widget-gallery\" data-id=\"2ab50ce\" data-element_type=\"widget\" data-e-type=\"widget\" data-settings=\"{&quot;columns&quot;:3,&quot;lazyload&quot;:&quot;yes&quot;,&quot;gallery_layout&quot;:&quot;grid&quot;,&quot;columns_tablet&quot;:2,&quot;columns_mobile&quot;:1,&quot;gap&quot;:{&quot;unit&quot;:&quot;px&quot;,&quot;size&quot;:10,&quot;sizes&quot;:[]},&quot;gap_tablet&quot;:{&quot;unit&quot;:&quot;px&quot;,&quot;size&quot;:10,&quot;sizes&quot;:[]},&quot;gap_mobile&quot;:{&quot;unit&quot;:&quot;px&quot;,&quot;size&quot;:10,&quot;sizes&quot;:[]},&quot;link_to&quot;:&quot;file&quot;,&quot;aspect_ratio&quot;:&quot;3:2&quot;,&quot;overlay_background&quot;:&quot;yes&quot;,&quot;content_hover_animation&quot;:&quot;fade-in&quot;,&quot;_ob_perspektive_use&quot;:&quot;no&quot;,&quot;_ob_poopart_use&quot;:&quot;yes&quot;,&quot;_ob_shadough_use&quot;:&quot;no&quot;,&quot;_ob_allow_hoveranimator&quot;:&quot;no&quot;,&quot;_ob_widget_stalker_use&quot;:&quot;no&quot;}\" data-widget_type=\"gallery.default\">\n\t\t\t\t\t\t\t<div class=\"elementor-gallery__container\">\n\t\t\t\t\t\t\t<a class=\"e-gallery-item elementor-gallery-item elementor-animated-content\" href=\"https:\/\/thrushine.ca\/wp-content\/uploads\/2025\/11\/376732810-701264192015812-1772540557844393705-n-2000x1500-1.jpg\" data-elementor-open-lightbox=\"yes\" data-elementor-lightbox-slideshow=\"2ab50ce\" data-e-action-hash=\"#elementor-action%3Aaction%3Dlightbox%26settings%3DeyJpZCI6MTkyNSwidXJsIjoiaHR0cHM6XC9cL3RocnVzaGluZS5jYVwvd3AtY29udGVudFwvdXBsb2Fkc1wvMjAyNVwvMTFcLzM3NjczMjgxMC03MDEyNjQxOTIwMTU4MTItMTc3MjU0MDU1Nzg0NDM5MzcwNS1uLTIwMDB4MTUwMC0xLmpwZyIsInNsaWRlc2hvdyI6IjJhYjUwY2UifQ%3D%3D\">\n\t\t\t\t\t<div class=\"e-gallery-image elementor-gallery-item__image\" data-thumbnail=\"https:\/\/thrushine.ca\/wp-content\/uploads\/2025\/11\/376732810-701264192015812-1772540557844393705-n-2000x1500-1-768x576.jpg\" data-width=\"768\" data-height=\"576\" aria-label=\"Bienvenue dans notre galerie de teintage de vitres ! Comme vous pouvez le constater, nous utilisons uniquement les meilleurs produits disponibles aujourd&#039;hui. Qu&#039;il s&#039;agisse d&#039;une voiture, d&#039;un camion ou m\u00eame de votre lieu de travail, nous pouvons le teinter !  \" role=\"img\" ><\/div>\n\t\t\t\t\t\t\t\t\t\t\t<div class=\"elementor-gallery-item__overlay\"><\/div>\n\t\t\t\t\t\t\t\t\t\t\t\t\t\t<\/a>\n\t\t\t\t\t\t\t<a class=\"e-gallery-item elementor-gallery-item elementor-animated-content\" href=\"https:\/\/thrushine.ca\/wp-content\/uploads\/2025\/11\/365447176-685293253612906-5177922688491541055-n-2000x1500-1.jpg\" data-elementor-open-lightbox=\"yes\" data-elementor-lightbox-slideshow=\"2ab50ce\" data-e-action-hash=\"#elementor-action%3Aaction%3Dlightbox%26settings%3DeyJpZCI6MTkyNiwidXJsIjoiaHR0cHM6XC9cL3RocnVzaGluZS5jYVwvd3AtY29udGVudFwvdXBsb2Fkc1wvMjAyNVwvMTFcLzM2NTQ0NzE3Ni02ODUyOTMyNTM2MTI5MDYtNTE3NzkyMjY4ODQ5MTU0MTA1NS1uLTIwMDB4MTUwMC0xLmpwZyIsInNsaWRlc2hvdyI6IjJhYjUwY2UifQ%3D%3D\">\n\t\t\t\t\t<div class=\"e-gallery-image elementor-gallery-item__image\" data-thumbnail=\"https:\/\/thrushine.ca\/wp-content\/uploads\/2025\/11\/365447176-685293253612906-5177922688491541055-n-2000x1500-1-768x576.jpg\" data-width=\"768\" data-height=\"576\" aria-label=\"Bienvenue dans notre galerie de teintage de vitres ! Comme vous pouvez le constater, nous utilisons uniquement les meilleurs produits disponibles aujourd&#039;hui. Qu&#039;il s&#039;agisse d&#039;une voiture, d&#039;un camion ou m\u00eame de votre lieu de travail, nous pouvons le teinter !  \" role=\"img\" ><\/div>\n\t\t\t\t\t\t\t\t\t\t\t<div class=\"elementor-gallery-item__overlay\"><\/div>\n\t\t\t\t\t\t\t\t\t\t\t\t\t\t<\/a>\n\t\t\t\t\t\t\t<a class=\"e-gallery-item elementor-gallery-item elementor-animated-content\" href=\"https:\/\/thrushine.ca\/wp-content\/uploads\/2025\/11\/366955841-688538819955016-5289035505502419250-n-1-2000x1610-2.jpeg\" data-elementor-open-lightbox=\"yes\" data-elementor-lightbox-slideshow=\"2ab50ce\" data-e-action-hash=\"#elementor-action%3Aaction%3Dlightbox%26settings%3DeyJpZCI6MTkyNywidXJsIjoiaHR0cHM6XC9cL3RocnVzaGluZS5jYVwvd3AtY29udGVudFwvdXBsb2Fkc1wvMjAyNVwvMTFcLzM2Njk1NTg0MS02ODg1Mzg4MTk5NTUwMTYtNTI4OTAzNTUwNTUwMjQxOTI1MC1uLTEtMjAwMHgxNjEwLTIuanBlZyIsInNsaWRlc2hvdyI6IjJhYjUwY2UifQ%3D%3D\">\n\t\t\t\t\t<div class=\"e-gallery-image elementor-gallery-item__image\" data-thumbnail=\"https:\/\/thrushine.ca\/wp-content\/uploads\/2025\/11\/366955841-688538819955016-5289035505502419250-n-1-2000x1610-2-768x579.jpeg\" data-width=\"768\" data-height=\"579\" aria-label=\"Bienvenue dans notre galerie de teintage de vitres ! Comme vous pouvez le constater, nous utilisons uniquement les meilleurs produits disponibles aujourd&#039;hui. Qu&#039;il s&#039;agisse d&#039;une voiture, d&#039;un camion ou m\u00eame de votre lieu de travail, nous pouvons le teinter !  \" role=\"img\" ><\/div>\n\t\t\t\t\t\t\t\t\t\t\t<div class=\"elementor-gallery-item__overlay\"><\/div>\n\t\t\t\t\t\t\t\t\t\t\t\t\t\t<\/a>\n\t\t\t\t\t\t\t<a class=\"e-gallery-item elementor-gallery-item elementor-animated-content\" href=\"https:\/\/thrushine.ca\/wp-content\/uploads\/2025\/11\/369798015-693423302799901-909792695272756163-n-2000x1500-1.jpg\" data-elementor-open-lightbox=\"yes\" data-elementor-lightbox-slideshow=\"2ab50ce\" data-e-action-hash=\"#elementor-action%3Aaction%3Dlightbox%26settings%3DeyJpZCI6MTkyOCwidXJsIjoiaHR0cHM6XC9cL3RocnVzaGluZS5jYVwvd3AtY29udGVudFwvdXBsb2Fkc1wvMjAyNVwvMTFcLzM2OTc5ODAxNS02OTM0MjMzMDI3OTk5MDEtOTA5NzkyNjk1MjcyNzU2MTYzLW4tMjAwMHgxNTAwLTEuanBnIiwic2xpZGVzaG93IjoiMmFiNTBjZSJ9\">\n\t\t\t\t\t<div class=\"e-gallery-image elementor-gallery-item__image\" data-thumbnail=\"https:\/\/thrushine.ca\/wp-content\/uploads\/2025\/11\/369798015-693423302799901-909792695272756163-n-2000x1500-1-768x576.jpg\" data-width=\"768\" data-height=\"576\" aria-label=\"Bienvenue dans notre galerie de teintage de vitres ! Comme vous pouvez le constater, nous utilisons uniquement les meilleurs produits disponibles aujourd&#039;hui. Qu&#039;il s&#039;agisse d&#039;une voiture, d&#039;un camion ou m\u00eame de votre lieu de travail, nous pouvons le teinter !  \" role=\"img\" ><\/div>\n\t\t\t\t\t\t\t\t\t\t\t<div class=\"elementor-gallery-item__overlay\"><\/div>\n\t\t\t\t\t\t\t\t\t\t\t\t\t\t<\/a>\n\t\t\t\t\t\t\t<a class=\"e-gallery-item elementor-gallery-item elementor-animated-content\" href=\"https:\/\/thrushine.ca\/wp-content\/uploads\/2025\/11\/376775532-701264575349107-1663508178631542283-n-2000x1500-1.jpg\" data-elementor-open-lightbox=\"yes\" data-elementor-lightbox-slideshow=\"2ab50ce\" data-e-action-hash=\"#elementor-action%3Aaction%3Dlightbox%26settings%3DeyJpZCI6MTkyOSwidXJsIjoiaHR0cHM6XC9cL3RocnVzaGluZS5jYVwvd3AtY29udGVudFwvdXBsb2Fkc1wvMjAyNVwvMTFcLzM3Njc3NTUzMi03MDEyNjQ1NzUzNDkxMDctMTY2MzUwODE3ODYzMTU0MjI4My1uLTIwMDB4MTUwMC0xLmpwZyIsInNsaWRlc2hvdyI6IjJhYjUwY2UifQ%3D%3D\">\n\t\t\t\t\t<div class=\"e-gallery-image elementor-gallery-item__image\" data-thumbnail=\"https:\/\/thrushine.ca\/wp-content\/uploads\/2025\/11\/376775532-701264575349107-1663508178631542283-n-2000x1500-1-768x576.jpg\" data-width=\"768\" data-height=\"576\" aria-label=\"Bienvenue dans notre galerie de teintage de vitres ! Comme vous pouvez le constater, nous utilisons uniquement les meilleurs produits disponibles aujourd&#039;hui. Qu&#039;il s&#039;agisse d&#039;une voiture, d&#039;un camion ou m\u00eame de votre lieu de travail, nous pouvons le teinter !  \" role=\"img\" ><\/div>\n\t\t\t\t\t\t\t\t\t\t\t<div class=\"elementor-gallery-item__overlay\"><\/div>\n\t\t\t\t\t\t\t\t\t\t\t\t\t\t<\/a>\n\t\t\t\t\t\t\t<a class=\"e-gallery-item elementor-gallery-item elementor-animated-content\" href=\"https:\/\/thrushine.ca\/wp-content\/uploads\/2025\/11\/sidebyside-868x670-1.jpg\" data-elementor-open-lightbox=\"yes\" data-elementor-lightbox-slideshow=\"2ab50ce\" data-e-action-hash=\"#elementor-action%3Aaction%3Dlightbox%26settings%3DeyJpZCI6MTkzMCwidXJsIjoiaHR0cHM6XC9cL3RocnVzaGluZS5jYVwvd3AtY29udGVudFwvdXBsb2Fkc1wvMjAyNVwvMTFcL3NpZGVieXNpZGUtODY4eDY3MC0xLmpwZyIsInNsaWRlc2hvdyI6IjJhYjUwY2UifQ%3D%3D\">\n\t\t\t\t\t<div class=\"e-gallery-image elementor-gallery-item__image\" data-thumbnail=\"https:\/\/thrushine.ca\/wp-content\/uploads\/2025\/11\/sidebyside-868x670-1-768x593.jpg\" data-width=\"768\" data-height=\"593\" aria-label=\"Bienvenue dans notre galerie de teintage de vitres ! Comme vous pouvez le constater, nous utilisons uniquement les meilleurs produits disponibles aujourd&#039;hui. Qu&#039;il s&#039;agisse d&#039;une voiture, d&#039;un camion ou m\u00eame de votre lieu de travail, nous pouvons le teinter !  \" role=\"img\" ><\/div>\n\t\t\t\t\t\t\t\t\t\t\t<div class=\"elementor-gallery-item__overlay\"><\/div>\n\t\t\t\t\t\t\t\t\t\t\t\t\t\t<\/a>\n\t\t\t\t\t\t\t<a class=\"e-gallery-item elementor-gallery-item elementor-animated-content\" href=\"https:\/\/thrushine.ca\/wp-content\/uploads\/2025\/11\/367445860-688539019954996-1522302079561442622-n-3-902x600-1.jpeg\" data-elementor-open-lightbox=\"yes\" data-elementor-lightbox-slideshow=\"2ab50ce\" data-e-action-hash=\"#elementor-action%3Aaction%3Dlightbox%26settings%3DeyJpZCI6MTkzMSwidXJsIjoiaHR0cHM6XC9cL3RocnVzaGluZS5jYVwvd3AtY29udGVudFwvdXBsb2Fkc1wvMjAyNVwvMTFcLzM2NzQ0NTg2MC02ODg1MzkwMTk5NTQ5OTYtMTUyMjMwMjA3OTU2MTQ0MjYyMi1uLTMtOTAyeDYwMC0xLmpwZWciLCJzbGlkZXNob3ciOiIyYWI1MGNlIn0%3D\">\n\t\t\t\t\t<div class=\"e-gallery-image elementor-gallery-item__image\" data-thumbnail=\"https:\/\/thrushine.ca\/wp-content\/uploads\/2025\/11\/367445860-688539019954996-1522302079561442622-n-3-902x600-1-768x576.jpeg\" data-width=\"768\" data-height=\"576\" aria-label=\"Bienvenue dans notre galerie de teintage de vitres ! Comme vous pouvez le constater, nous utilisons uniquement les meilleurs produits disponibles aujourd&#039;hui. Qu&#039;il s&#039;agisse d&#039;une voiture, d&#039;un camion ou m\u00eame de votre lieu de travail, nous pouvons le teinter !  \" role=\"img\" ><\/div>\n\t\t\t\t\t\t\t\t\t\t\t<div class=\"elementor-gallery-item__overlay\"><\/div>\n\t\t\t\t\t\t\t\t\t\t\t\t\t\t<\/a>\n\t\t\t\t\t\t\t<a class=\"e-gallery-item elementor-gallery-item elementor-animated-content\" href=\"https:\/\/thrushine.ca\/wp-content\/uploads\/2025\/11\/370542714-697186935756871-7970138964815072817-n-4-2000x1623-1.jpeg\" data-elementor-open-lightbox=\"yes\" data-elementor-lightbox-slideshow=\"2ab50ce\" data-e-action-hash=\"#elementor-action%3Aaction%3Dlightbox%26settings%3DeyJpZCI6MTkzMiwidXJsIjoiaHR0cHM6XC9cL3RocnVzaGluZS5jYVwvd3AtY29udGVudFwvdXBsb2Fkc1wvMjAyNVwvMTFcLzM3MDU0MjcxNC02OTcxODY5MzU3NTY4NzEtNzk3MDEzODk2NDgxNTA3MjgxNy1uLTQtMjAwMHgxNjIzLTEuanBlZyIsInNsaWRlc2hvdyI6IjJhYjUwY2UifQ%3D%3D\">\n\t\t\t\t\t<div class=\"e-gallery-image elementor-gallery-item__image\" data-thumbnail=\"https:\/\/thrushine.ca\/wp-content\/uploads\/2025\/11\/370542714-697186935756871-7970138964815072817-n-4-2000x1623-1-768x579.jpeg\" data-width=\"768\" data-height=\"579\" aria-label=\"Bienvenue dans notre galerie de teintage de vitres ! Comme vous pouvez le constater, nous utilisons uniquement les meilleurs produits disponibles aujourd&#039;hui. Qu&#039;il s&#039;agisse d&#039;une voiture, d&#039;un camion ou m\u00eame de votre lieu de travail, nous pouvons le teinter !  \" role=\"img\" ><\/div>\n\t\t\t\t\t\t\t\t\t\t\t<div class=\"elementor-gallery-item__overlay\"><\/div>\n\t\t\t\t\t\t\t\t\t\t\t\t\t\t<\/a>\n\t\t\t\t\t\t\t<a class=\"e-gallery-item elementor-gallery-item elementor-animated-content\" href=\"https:\/\/thrushine.ca\/wp-content\/uploads\/2025\/11\/376783371-701264295349135-3869249589413211909-n-2000x1500-1.jpg\" data-elementor-open-lightbox=\"yes\" data-elementor-lightbox-slideshow=\"2ab50ce\" data-e-action-hash=\"#elementor-action%3Aaction%3Dlightbox%26settings%3DeyJpZCI6MTkzMywidXJsIjoiaHR0cHM6XC9cL3RocnVzaGluZS5jYVwvd3AtY29udGVudFwvdXBsb2Fkc1wvMjAyNVwvMTFcLzM3Njc4MzM3MS03MDEyNjQyOTUzNDkxMzUtMzg2OTI0OTU4OTQxMzIxMTkwOS1uLTIwMDB4MTUwMC0xLmpwZyIsInNsaWRlc2hvdyI6IjJhYjUwY2UifQ%3D%3D\">\n\t\t\t\t\t<div class=\"e-gallery-image elementor-gallery-item__image\" data-thumbnail=\"https:\/\/thrushine.ca\/wp-content\/uploads\/2025\/11\/376783371-701264295349135-3869249589413211909-n-2000x1500-1-768x576.jpg\" data-width=\"768\" data-height=\"576\" aria-label=\"Bienvenue dans notre galerie de teintage de vitres ! Comme vous pouvez le constater, nous utilisons uniquement les meilleurs produits disponibles aujourd&#039;hui. Qu&#039;il s&#039;agisse d&#039;une voiture, d&#039;un camion ou m\u00eame de votre lieu de travail, nous pouvons le teinter !  \" role=\"img\" ><\/div>\n\t\t\t\t\t\t\t\t\t\t\t<div class=\"elementor-gallery-item__overlay\"><\/div>\n\t\t\t\t\t\t\t\t\t\t\t\t\t\t<\/a>\n\t\t\t\t\t<\/div>\n\t\t\t\t\t<\/div>\n\t\t\t\t<\/div>\n\t\t\t\t<\/div>\n\t\t","protected":false},"excerpt":{"rendered":"<p>Bienvenue dans notre galerie de teintage de vitres ! Comme vous pouvez le constater, nous utilisons uniquement les meilleurs produits disponibles aujourd&rsquo;hui. Qu&rsquo;il s&rsquo;agisse d&rsquo;une voiture, d&rsquo;un camion ou m\u00eame de votre lieu de travail, nous pouvons le teinter ! Appelez-nous au 506-548-8799.   <\/p>\n","protected":false},"author":1,"featured_media":0,"parent":0,"menu_order":0,"comment_status":"closed","ping_status":"closed","template":"","meta":{"footnotes":""},"class_list":["post-1934","page","type-page","status-publish","hentry"],"_links":{"self":[{"href":"https:\/\/thrushine.ca\/fr\/wp-json\/wp\/v2\/pages\/1934","targetHints":{"allow":["GET"]}}],"collection":[{"href":"https:\/\/thrushine.ca\/fr\/wp-json\/wp\/v2\/pages"}],"about":[{"href":"https:\/\/thrushine.ca\/fr\/wp-json\/wp\/v2\/types\/page"}],"author":[{"embeddable":true,"href":"https:\/\/thrushine.ca\/fr\/wp-json\/wp\/v2\/users\/1"}],"replies":[{"embeddable":true,"href":"https:\/\/thrushine.ca\/fr\/wp-json\/wp\/v2\/comments?post=1934"}],"version-history":[{"count":0,"href":"https:\/\/thrushine.ca\/fr\/wp-json\/wp\/v2\/pages\/1934\/revisions"}],"wp:attachment":[{"href":"https:\/\/thrushine.ca\/fr\/wp-json\/wp\/v2\/media?parent=1934"}],"curies":[{"name":"wp","href":"https:\/\/api.w.org\/{rel}","templated":true}]}}